{"id":10545,"date":"2025-11-07T14:17:38","date_gmt":"2025-11-07T13:17:38","guid":{"rendered":"https:\/\/www.ernstbrunn-apotheke.at\/katalog\/produkt\/padma-circosan-kapseln-200-stk\/"},"modified":"2025-12-08T13:32:29","modified_gmt":"2025-12-08T12:32:29","slug":"padma-circosan-kapseln-200-stk","status":"publish","type":"product","link":"https:\/\/www.ernstbrunn-apotheke.at\/katalog\/produkt\/padma-circosan-kapseln-200-stk\/","title":{"rendered":"Padma Circosan Kapseln 200 Stk."},"content":{"rendered":"<p>Padma Circosan\u00ae ist ein traditionelles pflanzliches Arzneimittel zur Anwendung bei kalten H\u00e4nden und F\u00fc\u00dfen mit Kribbeln und bei Wadenschmerzen beim Gehen.Dieses Mittel ist in Packungen zu 60 und 200 St\u00fcck erh\u00e4ltlich.<\/p>\n","protected":false},"excerpt":{"rendered":"<p>Padma Circosan\u00ae ist ein traditionelles pflanzliches Arzneimittel zur Anwendung bei kalten H\u00e4nden und F\u00fc\u00dfen mit Kribbeln und bei Wadenschmerzen beim Gehen.Dieses Mittel ist in Packungen zu 60 und 200 St\u00fcck erh\u00e4ltlich.<\/p>\n","protected":false},"featured_media":10547,"template":"","meta":{"_acf_changed":false},"product_brand":[],"product_cat":[793],"product_tag":[],"class_list":{"0":"post-10545","1":"product","2":"type-product","3":"status-publish","4":"has-post-thumbnail","6":"product_cat-p","7":"pa_packungsgroesse-200-stueck","8":"pa_packungsgroesse-60-stueck","10":"first","11":"instock","12":"shipping-taxable","13":"purchasable","14":"product-type-variable"},"acf":[],"_links":{"self":[{"href":"https:\/\/www.ernstbrunn-apotheke.at\/katalog\/wp-json\/wp\/v2\/product\/10545","targetHints":{"allow":["GET"]}}],"collection":[{"href":"https:\/\/www.ernstbrunn-apotheke.at\/katalog\/wp-json\/wp\/v2\/product"}],"about":[{"href":"https:\/\/www.ernstbrunn-apotheke.at\/katalog\/wp-json\/wp\/v2\/types\/product"}],"wp:featuredmedia":[{"embeddable":true,"href":"https:\/\/www.ernstbrunn-apotheke.at\/katalog\/wp-json\/wp\/v2\/media\/10547"}],"wp:attachment":[{"href":"https:\/\/www.ernstbrunn-apotheke.at\/katalog\/wp-json\/wp\/v2\/media?parent=10545"}],"wp:term":[{"taxonomy":"product_brand","embeddable":true,"href":"https:\/\/www.ernstbrunn-apotheke.at\/katalog\/wp-json\/wp\/v2\/product_brand?post=10545"},{"taxonomy":"product_cat","embeddable":true,"href":"https:\/\/www.ernstbrunn-apotheke.at\/katalog\/wp-json\/wp\/v2\/product_cat?post=10545"},{"taxonomy":"product_tag","embeddable":true,"href":"https:\/\/www.ernstbrunn-apotheke.at\/katalog\/wp-json\/wp\/v2\/product_tag?post=10545"}],"curies":[{"name":"wp","href":"https:\/\/api.w.org\/{rel}","templated":true}]}}