{"id":105431,"date":"2025-11-12T17:05:27","date_gmt":"2025-11-12T16:05:27","guid":{"rendered":"https:\/\/www.ernstbrunn-apotheke.at\/katalog\/produkt\/nestle-thickenup-clear-125-g-1-stk\/"},"modified":"2025-12-08T21:47:43","modified_gmt":"2025-12-08T20:47:43","slug":"nestle-thickenup-clear-125-g-1-stk","status":"publish","type":"product","link":"https:\/\/www.ernstbrunn-apotheke.at\/katalog\/produkt\/nestle-thickenup-clear-125-g-1-stk\/","title":{"rendered":"Nestl\u00e9 ThickenUp Clear 125 g 1 Stk."},"content":{"rendered":"<p>Nestl\u00e9 ThickenUp Clear ist ein amylaseresistentes, geschmacksneutrales Eindickungsmittel f\u00fcr Patienten mit Kau- und Schluckst\u00f6rungen. F\u00fcr Kinder ab 3 Jahren geeignet<\/p>\n","protected":false},"excerpt":{"rendered":"<p>Nestl\u00e9 ThickenUp Clear ist ein amylaseresistentes, geschmacksneutrales Eindickungsmittel f\u00fcr Patienten mit Kau- und Schluckst\u00f6rungen. F\u00fcr Kinder ab 3 Jahren geeignet<\/p>\n","protected":false},"featured_media":105433,"template":"","meta":{"_acf_changed":false},"product_brand":[833],"product_cat":[797],"product_tag":[],"class_list":{"0":"post-105431","1":"product","2":"type-product","3":"status-publish","4":"has-post-thumbnail","6":"product_brand-nestle","7":"product_cat-n","8":"pa_packungsgroesse-1-stueck","10":"first","11":"instock","12":"shipping-taxable","13":"purchasable","14":"product-type-simple"},"acf":[],"_links":{"self":[{"href":"https:\/\/www.ernstbrunn-apotheke.at\/katalog\/wp-json\/wp\/v2\/product\/105431","targetHints":{"allow":["GET"]}}],"collection":[{"href":"https:\/\/www.ernstbrunn-apotheke.at\/katalog\/wp-json\/wp\/v2\/product"}],"about":[{"href":"https:\/\/www.ernstbrunn-apotheke.at\/katalog\/wp-json\/wp\/v2\/types\/product"}],"wp:featuredmedia":[{"embeddable":true,"href":"https:\/\/www.ernstbrunn-apotheke.at\/katalog\/wp-json\/wp\/v2\/media\/105433"}],"wp:attachment":[{"href":"https:\/\/www.ernstbrunn-apotheke.at\/katalog\/wp-json\/wp\/v2\/media?parent=105431"}],"wp:term":[{"taxonomy":"product_brand","embeddable":true,"href":"https:\/\/www.ernstbrunn-apotheke.at\/katalog\/wp-json\/wp\/v2\/product_brand?post=105431"},{"taxonomy":"product_cat","embeddable":true,"href":"https:\/\/www.ernstbrunn-apotheke.at\/katalog\/wp-json\/wp\/v2\/product_cat?post=105431"},{"taxonomy":"product_tag","embeddable":true,"href":"https:\/\/www.ernstbrunn-apotheke.at\/katalog\/wp-json\/wp\/v2\/product_tag?post=105431"}],"curies":[{"name":"wp","href":"https:\/\/api.w.org\/{rel}","templated":true}]}}