{"id":105385,"date":"2025-11-12T17:04:15","date_gmt":"2025-11-12T16:04:15","guid":{"rendered":"https:\/\/www.ernstbrunn-apotheke.at\/katalog\/produkt\/dr-hauschka-gesichtsoel-18-ml\/"},"modified":"2025-12-08T21:47:34","modified_gmt":"2025-12-08T20:47:34","slug":"dr-hauschka-gesichtsoel-18-ml","status":"publish","type":"product","link":"https:\/\/www.ernstbrunn-apotheke.at\/katalog\/produkt\/dr-hauschka-gesichtsoel-18-ml\/","title":{"rendered":"Dr. Hauschka Gesichts\u00f6l 18 ml"},"content":{"rendered":"<p>Dr. Hauschka Gesichts\u00f6l 18 ml bringt fettige Haut ins Gleichgewicht. Das Gesichts\u00f6l setzt klare Signale. Es zeigt der Haut, dass sie selbst weniger Fett produzieren muss, und bringt bei regelm\u00e4\u00dfiger Anwendung die nat\u00fcrliche Sch\u00f6nheit der Haut hervor. Die Komposition mit Karotte, Mandel\u00f6l, Ringelblume und Neem pflegt regulierend und unterst\u00fctzt das Abklingen von Entz\u00fcndungen. Die kostbaren \u00d6lausz\u00fcge helfen der Haut, ihre Talgproduktion zu normalisieren, die Poren verfeinern sich..<\/p>\n","protected":false},"excerpt":{"rendered":"<p>Dr. Hauschka Gesichts\u00f6l 18 ml bringt fettige Haut ins Gleichgewicht. Das Gesichts\u00f6l setzt klare Signale. Es zeigt der Haut, dass sie selbst weniger Fett produzieren muss, und bringt bei regelm\u00e4\u00dfiger Anwendung die nat\u00fcrliche Sch\u00f6nheit der Haut hervor. Die Komposition mit Karotte, Mandel\u00f6l, Ringelblume und Neem pflegt regulierend und unterst\u00fctzt das Abklingen von Entz\u00fcndungen. Die kostbaren [&hellip;]<\/p>\n","protected":false},"featured_media":105387,"template":"","meta":{"_acf_changed":false},"product_brand":[679],"product_cat":[792],"product_tag":[],"class_list":{"0":"post-105385","1":"product","2":"type-product","3":"status-publish","4":"has-post-thumbnail","6":"product_brand-dr-hauschka","7":"product_cat-d","8":"pa_packungsgroesse-18ml","10":"first","11":"instock","12":"shipping-taxable","13":"purchasable","14":"product-type-simple"},"acf":[],"_links":{"self":[{"href":"https:\/\/www.ernstbrunn-apotheke.at\/katalog\/wp-json\/wp\/v2\/product\/105385","targetHints":{"allow":["GET"]}}],"collection":[{"href":"https:\/\/www.ernstbrunn-apotheke.at\/katalog\/wp-json\/wp\/v2\/product"}],"about":[{"href":"https:\/\/www.ernstbrunn-apotheke.at\/katalog\/wp-json\/wp\/v2\/types\/product"}],"wp:featuredmedia":[{"embeddable":true,"href":"https:\/\/www.ernstbrunn-apotheke.at\/katalog\/wp-json\/wp\/v2\/media\/105387"}],"wp:attachment":[{"href":"https:\/\/www.ernstbrunn-apotheke.at\/katalog\/wp-json\/wp\/v2\/media?parent=105385"}],"wp:term":[{"taxonomy":"product_brand","embeddable":true,"href":"https:\/\/www.ernstbrunn-apotheke.at\/katalog\/wp-json\/wp\/v2\/product_brand?post=105385"},{"taxonomy":"product_cat","embeddable":true,"href":"https:\/\/www.ernstbrunn-apotheke.at\/katalog\/wp-json\/wp\/v2\/product_cat?post=105385"},{"taxonomy":"product_tag","embeddable":true,"href":"https:\/\/www.ernstbrunn-apotheke.at\/katalog\/wp-json\/wp\/v2\/product_tag?post=105385"}],"curies":[{"name":"wp","href":"https:\/\/api.w.org\/{rel}","templated":true}]}}