{"id":105163,"date":"2025-11-12T16:59:10","date_gmt":"2025-11-12T15:59:10","guid":{"rendered":"https:\/\/www.ernstbrunn-apotheke.at\/katalog\/produkt\/pascoflair-425-mg-ueberzogene-tabletten-90stk\/"},"modified":"2025-12-08T21:46:43","modified_gmt":"2025-12-08T20:46:43","slug":"pascoflair-425-mg-ueberzogene-tabletten-90stk","status":"publish","type":"product","link":"https:\/\/www.ernstbrunn-apotheke.at\/katalog\/produkt\/pascoflair-425-mg-ueberzogene-tabletten-90stk\/","title":{"rendered":"Pascoflair 425 mg &#8211; \u00fcberzogene Tabletten 90Stk."},"content":{"rendered":"<p>Pascoflair\u00ae 425 mg &#8211; \u00fcberzogene Tabletten 90Stk. ist ein traditionelles pflanzliches Arzneimittel zur Behandlung von nerv\u00f6sen Unruhezust\u00e4nden wie z.B. Stress und Angstzust\u00e4nden und zur Behandlung von nerv\u00f6s bedingten Ein- und Durchschlafst\u00f6rungen. Die Anwendung dieses traditionellen pflanzlichen Arzneimittels in den genannten Anwendungsgebieten beruht ausschlie\u00dflich auf langj\u00e4hriger Verwendung. Wenn Sie sich nach 14 Tagen nicht besser oder gar schlechter f\u00fchlen, wenden Sie sich an Ihren Arzt.<\/p>\n","protected":false},"excerpt":{"rendered":"<p>Pascoflair\u00ae 425 mg &#8211; \u00fcberzogene Tabletten 90Stk. ist ein traditionelles pflanzliches Arzneimittel zur Behandlung von nerv\u00f6sen Unruhezust\u00e4nden wie z.B. Stress und Angstzust\u00e4nden und zur Behandlung von nerv\u00f6s bedingten Ein- und Durchschlafst\u00f6rungen. Die Anwendung dieses traditionellen pflanzlichen Arzneimittels in den genannten Anwendungsgebieten beruht ausschlie\u00dflich auf langj\u00e4hriger Verwendung. Wenn Sie sich nach 14 Tagen nicht besser oder [&hellip;]<\/p>\n","protected":false},"featured_media":105165,"template":"","meta":{"_acf_changed":false},"product_brand":[],"product_cat":[793],"product_tag":[],"class_list":{"0":"post-105163","1":"product","2":"type-product","3":"status-publish","4":"has-post-thumbnail","6":"product_cat-p","7":"pa_packungsgroesse-90-stueck","9":"first","10":"instock","11":"shipping-taxable","12":"purchasable","13":"product-type-simple"},"acf":[],"_links":{"self":[{"href":"https:\/\/www.ernstbrunn-apotheke.at\/katalog\/wp-json\/wp\/v2\/product\/105163","targetHints":{"allow":["GET"]}}],"collection":[{"href":"https:\/\/www.ernstbrunn-apotheke.at\/katalog\/wp-json\/wp\/v2\/product"}],"about":[{"href":"https:\/\/www.ernstbrunn-apotheke.at\/katalog\/wp-json\/wp\/v2\/types\/product"}],"wp:featuredmedia":[{"embeddable":true,"href":"https:\/\/www.ernstbrunn-apotheke.at\/katalog\/wp-json\/wp\/v2\/media\/105165"}],"wp:attachment":[{"href":"https:\/\/www.ernstbrunn-apotheke.at\/katalog\/wp-json\/wp\/v2\/media?parent=105163"}],"wp:term":[{"taxonomy":"product_brand","embeddable":true,"href":"https:\/\/www.ernstbrunn-apotheke.at\/katalog\/wp-json\/wp\/v2\/product_brand?post=105163"},{"taxonomy":"product_cat","embeddable":true,"href":"https:\/\/www.ernstbrunn-apotheke.at\/katalog\/wp-json\/wp\/v2\/product_cat?post=105163"},{"taxonomy":"product_tag","embeddable":true,"href":"https:\/\/www.ernstbrunn-apotheke.at\/katalog\/wp-json\/wp\/v2\/product_tag?post=105163"}],"curies":[{"name":"wp","href":"https:\/\/api.w.org\/{rel}","templated":true}]}}