{"id":105128,"date":"2025-11-12T16:58:17","date_gmt":"2025-11-12T15:58:17","guid":{"rendered":"https:\/\/www.ernstbrunn-apotheke.at\/katalog\/produkt\/hylo-dual-augentropfen-10-ml\/"},"modified":"2025-12-08T21:46:35","modified_gmt":"2025-12-08T20:46:35","slug":"hylo-dual-augentropfen-10-ml","status":"publish","type":"product","link":"https:\/\/www.ernstbrunn-apotheke.at\/katalog\/produkt\/hylo-dual-augentropfen-10-ml\/","title":{"rendered":"HYLO DUAL Augentropfen 10 ml"},"content":{"rendered":"<p>HYLO DUAL\u00ae befeuchtet die Hornhaut und Bindehaut und sch\u00fctzt vor \u00fcberm\u00e4\u00dfiger Verdunstung der Tr\u00e4nen. Diese Stabilisierung des Tr\u00e4nenfilms lindert Augenreizungen, die mit entz\u00fcndlichen Symptomen verbunden sind, oder die durch Allergien hervorgerufen sind. Das brennende und juckende Gef\u00fchl der Augen verschwindet<\/p>\n","protected":false},"excerpt":{"rendered":"<p>HYLO DUAL\u00ae befeuchtet die Hornhaut und Bindehaut und sch\u00fctzt vor \u00fcberm\u00e4\u00dfiger Verdunstung der Tr\u00e4nen. Diese Stabilisierung des Tr\u00e4nenfilms lindert Augenreizungen, die mit entz\u00fcndlichen Symptomen verbunden sind, oder die durch Allergien hervorgerufen sind. Das brennende und juckende Gef\u00fchl der Augen verschwindet<\/p>\n","protected":false},"featured_media":105130,"template":"","meta":{"_acf_changed":false},"product_brand":[405],"product_cat":[805],"product_tag":[],"class_list":{"0":"post-105128","1":"product","2":"type-product","3":"status-publish","4":"has-post-thumbnail","6":"product_brand-hylo","7":"product_cat-h","8":"pa_packungsgroesse-10ml","10":"first","11":"instock","12":"shipping-taxable","13":"purchasable","14":"product-type-simple"},"acf":[],"_links":{"self":[{"href":"https:\/\/www.ernstbrunn-apotheke.at\/katalog\/wp-json\/wp\/v2\/product\/105128","targetHints":{"allow":["GET"]}}],"collection":[{"href":"https:\/\/www.ernstbrunn-apotheke.at\/katalog\/wp-json\/wp\/v2\/product"}],"about":[{"href":"https:\/\/www.ernstbrunn-apotheke.at\/katalog\/wp-json\/wp\/v2\/types\/product"}],"wp:featuredmedia":[{"embeddable":true,"href":"https:\/\/www.ernstbrunn-apotheke.at\/katalog\/wp-json\/wp\/v2\/media\/105130"}],"wp:attachment":[{"href":"https:\/\/www.ernstbrunn-apotheke.at\/katalog\/wp-json\/wp\/v2\/media?parent=105128"}],"wp:term":[{"taxonomy":"product_brand","embeddable":true,"href":"https:\/\/www.ernstbrunn-apotheke.at\/katalog\/wp-json\/wp\/v2\/product_brand?post=105128"},{"taxonomy":"product_cat","embeddable":true,"href":"https:\/\/www.ernstbrunn-apotheke.at\/katalog\/wp-json\/wp\/v2\/product_cat?post=105128"},{"taxonomy":"product_tag","embeddable":true,"href":"https:\/\/www.ernstbrunn-apotheke.at\/katalog\/wp-json\/wp\/v2\/product_tag?post=105128"}],"curies":[{"name":"wp","href":"https:\/\/api.w.org\/{rel}","templated":true}]}}