{"id":105116,"date":"2025-11-12T16:57:22","date_gmt":"2025-11-12T15:57:22","guid":{"rendered":"https:\/\/www.ernstbrunn-apotheke.at\/katalog\/produkt\/nicapur-coenzym-q10-60-mg-kapseln-30-stk\/"},"modified":"2025-12-08T21:46:33","modified_gmt":"2025-12-08T20:46:33","slug":"nicapur-coenzym-q10-60-mg-kapseln-30-stk","status":"publish","type":"product","link":"https:\/\/www.ernstbrunn-apotheke.at\/katalog\/produkt\/nicapur-coenzym-q10-60-mg-kapseln-30-stk\/","title":{"rendered":"Nicapur Coenzym Q10 60 mg Kapseln 30 Stk."},"content":{"rendered":"<p>Coenzym Q10 60 mg ist ein Nahrungserg\u00e4nzungsmittel mit hochdosiertem Coenzym Q10 aus Hefefermentation f\u00fcr die t\u00e4gliche Coenzym-Q10-Erg\u00e4nzung. Coenzym Q10 ist eine k\u00f6rpereigene Substanz, die zentral an der Elektronen\u00fcbertragung in der mitochondrialen Atmungskette und damit an der Energiegewinnung beteiligt ist. Organe mit dem h\u00f6chsten Energiebedarf weisen auch die h\u00f6chste Q10-Konzentration auf, wie z.B. Herz, Gehirn, Leber, Niere und die Muskulatur. Weiters verl\u00e4uft die k\u00f6rpereigene Bildung von Coenzym Q10 und Cholesterin \u00fcber mehrere gemeinsame Zwischenprodukte, ehe der gemeinsame Syntheseweg voneinander abzweigt. Bei einer regelm\u00e4\u00dfigen Einnahme von Statinen wird eine Erh\u00f6hung der Coenzym-Q10-Zufuhr empfohlen.<\/p>\n","protected":false},"excerpt":{"rendered":"<p>Coenzym Q10 60 mg ist ein Nahrungserg\u00e4nzungsmittel mit hochdosiertem Coenzym Q10 aus Hefefermentation f\u00fcr die t\u00e4gliche Coenzym-Q10-Erg\u00e4nzung. Coenzym Q10 ist eine k\u00f6rpereigene Substanz, die zentral an der Elektronen\u00fcbertragung in der mitochondrialen Atmungskette und damit an der Energiegewinnung beteiligt ist. Organe mit dem h\u00f6chsten Energiebedarf weisen auch die h\u00f6chste Q10-Konzentration auf, wie z.B. Herz, Gehirn, Leber, [&hellip;]<\/p>\n","protected":false},"featured_media":105118,"template":"","meta":{"_acf_changed":false},"product_brand":[352],"product_cat":[797],"product_tag":[],"class_list":{"0":"post-105116","1":"product","2":"type-product","3":"status-publish","4":"has-post-thumbnail","6":"product_brand-nicapur","7":"product_cat-n","8":"pa_packungsgroesse-30-stueck","10":"first","11":"instock","12":"shipping-taxable","13":"purchasable","14":"product-type-simple"},"acf":[],"_links":{"self":[{"href":"https:\/\/www.ernstbrunn-apotheke.at\/katalog\/wp-json\/wp\/v2\/product\/105116","targetHints":{"allow":["GET"]}}],"collection":[{"href":"https:\/\/www.ernstbrunn-apotheke.at\/katalog\/wp-json\/wp\/v2\/product"}],"about":[{"href":"https:\/\/www.ernstbrunn-apotheke.at\/katalog\/wp-json\/wp\/v2\/types\/product"}],"wp:featuredmedia":[{"embeddable":true,"href":"https:\/\/www.ernstbrunn-apotheke.at\/katalog\/wp-json\/wp\/v2\/media\/105118"}],"wp:attachment":[{"href":"https:\/\/www.ernstbrunn-apotheke.at\/katalog\/wp-json\/wp\/v2\/media?parent=105116"}],"wp:term":[{"taxonomy":"product_brand","embeddable":true,"href":"https:\/\/www.ernstbrunn-apotheke.at\/katalog\/wp-json\/wp\/v2\/product_brand?post=105116"},{"taxonomy":"product_cat","embeddable":true,"href":"https:\/\/www.ernstbrunn-apotheke.at\/katalog\/wp-json\/wp\/v2\/product_cat?post=105116"},{"taxonomy":"product_tag","embeddable":true,"href":"https:\/\/www.ernstbrunn-apotheke.at\/katalog\/wp-json\/wp\/v2\/product_tag?post=105116"}],"curies":[{"name":"wp","href":"https:\/\/api.w.org\/{rel}","templated":true}]}}