{"id":104983,"date":"2025-11-12T16:54:32","date_gmt":"2025-11-12T15:54:32","guid":{"rendered":"https:\/\/www.ernstbrunn-apotheke.at\/katalog\/produkt\/seewald-14-kraeuter-tonikum-250-ml\/"},"modified":"2025-12-08T21:45:54","modified_gmt":"2025-12-08T20:45:54","slug":"seewald-14-kraeuter-tonikum-250-ml","status":"publish","type":"product","link":"https:\/\/www.ernstbrunn-apotheke.at\/katalog\/produkt\/seewald-14-kraeuter-tonikum-250-ml\/","title":{"rendered":"SEEWALD 14 Kr\u00e4uter Tonikum 250 ml"},"content":{"rendered":"<p>SEEWALD 14 Kr\u00e4uter Tonikum ist ein vollkommen alkoholfreies Vitaltonikum, hergestellt mit Kr\u00e4utern aus dem Klostergarten und weiteren wohltuenden Pflanzen und Gew\u00fcrzen, abgerundet mit Bio-Granatapfel- und Bio-Aronia-Saft.<\/p>\n","protected":false},"excerpt":{"rendered":"<p>SEEWALD 14 Kr\u00e4uter Tonikum ist ein vollkommen alkoholfreies Vitaltonikum, hergestellt mit Kr\u00e4utern aus dem Klostergarten und weiteren wohltuenden Pflanzen und Gew\u00fcrzen, abgerundet mit Bio-Granatapfel- und Bio-Aronia-Saft.<\/p>\n","protected":false},"featured_media":104985,"template":"","meta":{"_acf_changed":false},"product_brand":[1067],"product_cat":[791],"product_tag":[],"class_list":{"0":"post-104983","1":"product","2":"type-product","3":"status-publish","4":"has-post-thumbnail","6":"product_brand-seewald","7":"product_cat-s","8":"pa_packungsgroesse-250ml","10":"first","11":"instock","12":"shipping-taxable","13":"purchasable","14":"product-type-simple"},"acf":[],"_links":{"self":[{"href":"https:\/\/www.ernstbrunn-apotheke.at\/katalog\/wp-json\/wp\/v2\/product\/104983","targetHints":{"allow":["GET"]}}],"collection":[{"href":"https:\/\/www.ernstbrunn-apotheke.at\/katalog\/wp-json\/wp\/v2\/product"}],"about":[{"href":"https:\/\/www.ernstbrunn-apotheke.at\/katalog\/wp-json\/wp\/v2\/types\/product"}],"wp:featuredmedia":[{"embeddable":true,"href":"https:\/\/www.ernstbrunn-apotheke.at\/katalog\/wp-json\/wp\/v2\/media\/104985"}],"wp:attachment":[{"href":"https:\/\/www.ernstbrunn-apotheke.at\/katalog\/wp-json\/wp\/v2\/media?parent=104983"}],"wp:term":[{"taxonomy":"product_brand","embeddable":true,"href":"https:\/\/www.ernstbrunn-apotheke.at\/katalog\/wp-json\/wp\/v2\/product_brand?post=104983"},{"taxonomy":"product_cat","embeddable":true,"href":"https:\/\/www.ernstbrunn-apotheke.at\/katalog\/wp-json\/wp\/v2\/product_cat?post=104983"},{"taxonomy":"product_tag","embeddable":true,"href":"https:\/\/www.ernstbrunn-apotheke.at\/katalog\/wp-json\/wp\/v2\/product_tag?post=104983"}],"curies":[{"name":"wp","href":"https:\/\/api.w.org\/{rel}","templated":true}]}}