{"id":10498,"date":"2025-11-07T14:16:46","date_gmt":"2025-11-07T13:16:46","guid":{"rendered":"https:\/\/www.ernstbrunn-apotheke.at\/katalog\/produkt\/korodin-herz-kreislauf-tropfen-40-ml\/"},"modified":"2025-12-08T13:29:35","modified_gmt":"2025-12-08T12:29:35","slug":"korodin-herz-kreislauf-tropfen-40-ml","status":"publish","type":"product","link":"https:\/\/www.ernstbrunn-apotheke.at\/katalog\/produkt\/korodin-herz-kreislauf-tropfen-40-ml\/","title":{"rendered":"Korodin Herz-Kreislauf-Tropfen 40 ml"},"content":{"rendered":"<p>Korodin Herz-Kreislauf-Tropfen unterst\u00fctzen Menschen mit niedrigem Blutdruck. Auch bei Kollapsneigung, Leistungsschw\u00e4che und M\u00fcdigkeit, besonders im fortgeschrittenen Alter oder nach Erkrankungen schaffen die Tropfen Abhilfe.<\/p>\n","protected":false},"excerpt":{"rendered":"<p>Korodin Herz-Kreislauf-Tropfen unterst\u00fctzen Menschen mit niedrigem Blutdruck. Auch bei Kollapsneigung, Leistungsschw\u00e4che und M\u00fcdigkeit, besonders im fortgeschrittenen Alter oder nach Erkrankungen schaffen die Tropfen Abhilfe.<\/p>\n","protected":false},"featured_media":10500,"template":"","meta":{"_acf_changed":false},"product_brand":[],"product_cat":[807],"product_tag":[],"class_list":{"0":"post-10498","1":"product","2":"type-product","3":"status-publish","4":"has-post-thumbnail","6":"product_cat-k","7":"pa_packungsgroesse-10ml","8":"pa_packungsgroesse-40ml","10":"first","11":"instock","12":"shipping-taxable","13":"purchasable","14":"product-type-simple"},"acf":[],"_links":{"self":[{"href":"https:\/\/www.ernstbrunn-apotheke.at\/katalog\/wp-json\/wp\/v2\/product\/10498","targetHints":{"allow":["GET"]}}],"collection":[{"href":"https:\/\/www.ernstbrunn-apotheke.at\/katalog\/wp-json\/wp\/v2\/product"}],"about":[{"href":"https:\/\/www.ernstbrunn-apotheke.at\/katalog\/wp-json\/wp\/v2\/types\/product"}],"wp:featuredmedia":[{"embeddable":true,"href":"https:\/\/www.ernstbrunn-apotheke.at\/katalog\/wp-json\/wp\/v2\/media\/10500"}],"wp:attachment":[{"href":"https:\/\/www.ernstbrunn-apotheke.at\/katalog\/wp-json\/wp\/v2\/media?parent=10498"}],"wp:term":[{"taxonomy":"product_brand","embeddable":true,"href":"https:\/\/www.ernstbrunn-apotheke.at\/katalog\/wp-json\/wp\/v2\/product_brand?post=10498"},{"taxonomy":"product_cat","embeddable":true,"href":"https:\/\/www.ernstbrunn-apotheke.at\/katalog\/wp-json\/wp\/v2\/product_cat?post=10498"},{"taxonomy":"product_tag","embeddable":true,"href":"https:\/\/www.ernstbrunn-apotheke.at\/katalog\/wp-json\/wp\/v2\/product_tag?post=10498"}],"curies":[{"name":"wp","href":"https:\/\/api.w.org\/{rel}","templated":true}]}}