{"id":10488,"date":"2025-11-07T14:16:46","date_gmt":"2025-11-07T13:16:46","guid":{"rendered":"https:\/\/www.ernstbrunn-apotheke.at\/katalog\/produkt\/alpinamed-mobilitaetskapseln-forte\/"},"modified":"2025-12-08T13:29:34","modified_gmt":"2025-12-08T12:29:34","slug":"alpinamed-mobilitaetskapseln-forte","status":"publish","type":"product","link":"https:\/\/www.ernstbrunn-apotheke.at\/katalog\/produkt\/alpinamed-mobilitaetskapseln-forte\/","title":{"rendered":"Alpinamed Mobilit\u00e4tskapseln Forte"},"content":{"rendered":"<p>Alpinamed Mobilit\u00e4tskapseln Forte werden angewendet zur di\u00e4tetischen Behandlung von Gelenksbeschwerden durch Abn\u00fctzung oder rheumatische Entz\u00fcndung. Die Kapseln verringern Beschwerden und Entz\u00fcndungszeichen in den Gelenken. Zudem bewirken sie bessere Beweglichkeit und geringere Morgensteifigkeit.<\/p>\n","protected":false},"excerpt":{"rendered":"<p>Alpinamed Mobilit\u00e4tskapseln Forte werden angewendet zur di\u00e4tetischen Behandlung von Gelenksbeschwerden durch Abn\u00fctzung oder rheumatische Entz\u00fcndung. Die Kapseln verringern Beschwerden und Entz\u00fcndungszeichen in den Gelenken. Zudem bewirken sie bessere Beweglichkeit und geringere Morgensteifigkeit.<\/p>\n","protected":false},"featured_media":10490,"template":"","meta":{"_acf_changed":false},"product_brand":[366],"product_cat":[801],"product_tag":[],"class_list":{"0":"post-10488","1":"product","2":"type-product","3":"status-publish","4":"has-post-thumbnail","6":"product_brand-alpinamed","7":"product_cat-a","8":"pa_packungsgroesse-30-stueck","9":"pa_packungsgroesse-60-stueck","11":"first","12":"instock","13":"shipping-taxable","14":"purchasable","15":"product-type-simple"},"acf":[],"_links":{"self":[{"href":"https:\/\/www.ernstbrunn-apotheke.at\/katalog\/wp-json\/wp\/v2\/product\/10488","targetHints":{"allow":["GET"]}}],"collection":[{"href":"https:\/\/www.ernstbrunn-apotheke.at\/katalog\/wp-json\/wp\/v2\/product"}],"about":[{"href":"https:\/\/www.ernstbrunn-apotheke.at\/katalog\/wp-json\/wp\/v2\/types\/product"}],"wp:featuredmedia":[{"embeddable":true,"href":"https:\/\/www.ernstbrunn-apotheke.at\/katalog\/wp-json\/wp\/v2\/media\/10490"}],"wp:attachment":[{"href":"https:\/\/www.ernstbrunn-apotheke.at\/katalog\/wp-json\/wp\/v2\/media?parent=10488"}],"wp:term":[{"taxonomy":"product_brand","embeddable":true,"href":"https:\/\/www.ernstbrunn-apotheke.at\/katalog\/wp-json\/wp\/v2\/product_brand?post=10488"},{"taxonomy":"product_cat","embeddable":true,"href":"https:\/\/www.ernstbrunn-apotheke.at\/katalog\/wp-json\/wp\/v2\/product_cat?post=10488"},{"taxonomy":"product_tag","embeddable":true,"href":"https:\/\/www.ernstbrunn-apotheke.at\/katalog\/wp-json\/wp\/v2\/product_tag?post=10488"}],"curies":[{"name":"wp","href":"https:\/\/api.w.org\/{rel}","templated":true}]}}