{"id":104826,"date":"2025-11-12T16:51:54","date_gmt":"2025-11-12T15:51:54","guid":{"rendered":"https:\/\/www.ernstbrunn-apotheke.at\/katalog\/produkt\/caudalie-vinoclean-mandel-reinigungsmilch-3\/"},"modified":"2025-12-08T21:44:28","modified_gmt":"2025-12-08T20:44:28","slug":"caudalie-vinoclean-mandel-reinigungsmilch-3","status":"publish","type":"product","link":"https:\/\/www.ernstbrunn-apotheke.at\/katalog\/produkt\/caudalie-vinoclean-mandel-reinigungsmilch-3\/","title":{"rendered":"Caudalie Vinoclean Mandel Reinigungsmilch"},"content":{"rendered":"<p>Die Mandel Reinigungsmilch reinigt die Haut und entfernt das Make-up von Gesicht und Augen, selbst bei empfindlichen Hauttypen. Mit n\u00e4hrendem sanftem Mandel\u00f6l, beruhigendem Kornblumenwasser und antioxidativen Polyphenolen angereichert, sch\u00fctzt sie die Haut vor dem Austrocknen. Die mit Feuchtigkeit gut versorgte Haut ist sichtbar tief gereinigt, zart und weich.<\/p>\n<p><strong>Hauttyp\u00a0:<\/strong> Alle Hauttypen<\/p>\n<p><strong>Brauche\u00a0:<\/strong> Reinigung<\/p>\n<p><strong>Hauptinhaltsstoffe\u00a0:<\/strong> Jojoba\u00f6l, Sanftes Mandelo\u0308l, Bio-Sheabutter, Kornblumenextrakt, Polyphenole, Rizinus\u00f6l<\/p>\n<p><strong>Textur\u00a0:<\/strong> Milch<\/p>\n<p><strong>Verwendung\u00a0:<\/strong> Morgens und abends, jeden Tag<\/p>\n<p><strong>Rezeptur:<\/strong><\/p>\n<ul>\n<li>97 % Inhaltsstoffe nat\u00fcrlichen Ursprungs<\/li>\n<li>Nicht komedogen<\/li>\n<li>Vegan<\/li>\n<li>Yuka-Bewertung: Sehr gut<\/li>\n<li>Dermatologisch und augen\u00e4rztlich getestet.<\/li>\n<\/ul>\n<p><strong>Wussten Sie es?<\/strong><\/p>\n<p>Sanftes Mandel\u00f6l ist ein pflanzliches \u00d6l, das reich an Omega-6- und Omega-9-Fetts\u00e4uren ist, die die nat\u00fcrliche Hautbarriere st\u00e4rken.<\/p>\n","protected":false},"excerpt":{"rendered":"<p>Die Mandel Reinigungsmilch reinigt die Haut und entfernt das Make-up von Gesicht und Augen, selbst bei empfindlichen Hauttypen. Mit n\u00e4hrendem sanftem Mandel\u00f6l, beruhigendem Kornblumenwasser und antioxidativen Polyphenolen angereichert, sch\u00fctzt sie die Haut vor dem Austrocknen. Die mit Feuchtigkeit gut versorgte Haut ist sichtbar tief gereinigt, zart und weich. Hauttyp\u00a0: Alle Hauttypen Brauche\u00a0: Reinigung Hauptinhaltsstoffe\u00a0: Jojoba\u00f6l, [&hellip;]<\/p>\n","protected":false},"featured_media":104828,"template":"","meta":{"_acf_changed":false},"product_brand":[687],"product_cat":[812],"product_tag":[],"class_list":{"0":"post-104826","1":"product","2":"type-product","3":"status-publish","4":"has-post-thumbnail","6":"product_brand-caudalie","7":"product_cat-c","8":"pa_packungsgroesse-400ml","10":"first","11":"instock","12":"shipping-taxable","13":"purchasable","14":"product-type-simple"},"acf":[],"_links":{"self":[{"href":"https:\/\/www.ernstbrunn-apotheke.at\/katalog\/wp-json\/wp\/v2\/product\/104826","targetHints":{"allow":["GET"]}}],"collection":[{"href":"https:\/\/www.ernstbrunn-apotheke.at\/katalog\/wp-json\/wp\/v2\/product"}],"about":[{"href":"https:\/\/www.ernstbrunn-apotheke.at\/katalog\/wp-json\/wp\/v2\/types\/product"}],"wp:featuredmedia":[{"embeddable":true,"href":"https:\/\/www.ernstbrunn-apotheke.at\/katalog\/wp-json\/wp\/v2\/media\/104828"}],"wp:attachment":[{"href":"https:\/\/www.ernstbrunn-apotheke.at\/katalog\/wp-json\/wp\/v2\/media?parent=104826"}],"wp:term":[{"taxonomy":"product_brand","embeddable":true,"href":"https:\/\/www.ernstbrunn-apotheke.at\/katalog\/wp-json\/wp\/v2\/product_brand?post=104826"},{"taxonomy":"product_cat","embeddable":true,"href":"https:\/\/www.ernstbrunn-apotheke.at\/katalog\/wp-json\/wp\/v2\/product_cat?post=104826"},{"taxonomy":"product_tag","embeddable":true,"href":"https:\/\/www.ernstbrunn-apotheke.at\/katalog\/wp-json\/wp\/v2\/product_tag?post=104826"}],"curies":[{"name":"wp","href":"https:\/\/api.w.org\/{rel}","templated":true}]}}