{"id":104741,"date":"2025-11-12T16:50:00","date_gmt":"2025-11-12T15:50:00","guid":{"rendered":"https:\/\/www.ernstbrunn-apotheke.at\/katalog\/produkt\/eucerin-actinic-control-md-sun-lsf-100-80-ml\/"},"modified":"2025-12-08T21:43:58","modified_gmt":"2025-12-08T20:43:58","slug":"eucerin-actinic-control-md-sun-lsf-100-80-ml","status":"publish","type":"product","link":"https:\/\/www.ernstbrunn-apotheke.at\/katalog\/produkt\/eucerin-actinic-control-md-sun-lsf-100-80-ml\/","title":{"rendered":"Eucerin Actinic Control MD Sun LSF 100 80 ml"},"content":{"rendered":"<p>Eucerin Actinic ControlMDSun LSF 100 ist ein zertifiziertes Medizinprodukt mit LSF 100 f\u00fcr maximalen UVA- &#038; UVB-Schutz zur Vorbeugung von aktinischer Keratose und nicht-melanozyt\u00e4rem Hautkrebs (= hellem Hautkrebs), und zum therapiebegleitenden Schutz bei aktinischer Keratose geeignet.Actinic ControlMDSun LSF 100 ist dank seiner leichten Formel schnell und unkompliziert aufzutragen und kann so auch t\u00e4glich als Tagescreme verwendet werden &#8211; als wichtiger Bestandteil der t\u00e4glichen Pflegeroutine zum Sonnenschutz oder als therapiebegleitender Sonnenschutz, sodass man seine Zeit im Freien aktiv und unbeschwert genie\u00dfen kann. Actinic ControlMD Sun LSF 100 ist auch empfohlen f\u00fcr sehr sonnenempfindliche Haut und Menschen, die in hohem Ma\u00df der Sonne ausgesetzt sind, wie bestimmte Berufsgruppen und Sportler.<\/p>\n","protected":false},"excerpt":{"rendered":"<p>Eucerin Actinic ControlMDSun LSF 100 ist ein zertifiziertes Medizinprodukt mit LSF 100 f\u00fcr maximalen UVA- &#038; UVB-Schutz zur Vorbeugung von aktinischer Keratose und nicht-melanozyt\u00e4rem Hautkrebs (= hellem Hautkrebs), und zum therapiebegleitenden Schutz bei aktinischer Keratose geeignet.Actinic ControlMDSun LSF 100 ist dank seiner leichten Formel schnell und unkompliziert aufzutragen und kann so auch t\u00e4glich als Tagescreme [&hellip;]<\/p>\n","protected":false},"featured_media":104743,"template":"","meta":{"_acf_changed":false},"product_brand":[334],"product_cat":[794],"product_tag":[],"class_list":{"0":"post-104741","1":"product","2":"type-product","3":"status-publish","4":"has-post-thumbnail","6":"product_brand-eucerin","7":"product_cat-e","8":"pa_packungsgroesse-80ml","10":"first","11":"instock","12":"shipping-taxable","13":"purchasable","14":"product-type-simple"},"acf":[],"_links":{"self":[{"href":"https:\/\/www.ernstbrunn-apotheke.at\/katalog\/wp-json\/wp\/v2\/product\/104741","targetHints":{"allow":["GET"]}}],"collection":[{"href":"https:\/\/www.ernstbrunn-apotheke.at\/katalog\/wp-json\/wp\/v2\/product"}],"about":[{"href":"https:\/\/www.ernstbrunn-apotheke.at\/katalog\/wp-json\/wp\/v2\/types\/product"}],"wp:featuredmedia":[{"embeddable":true,"href":"https:\/\/www.ernstbrunn-apotheke.at\/katalog\/wp-json\/wp\/v2\/media\/104743"}],"wp:attachment":[{"href":"https:\/\/www.ernstbrunn-apotheke.at\/katalog\/wp-json\/wp\/v2\/media?parent=104741"}],"wp:term":[{"taxonomy":"product_brand","embeddable":true,"href":"https:\/\/www.ernstbrunn-apotheke.at\/katalog\/wp-json\/wp\/v2\/product_brand?post=104741"},{"taxonomy":"product_cat","embeddable":true,"href":"https:\/\/www.ernstbrunn-apotheke.at\/katalog\/wp-json\/wp\/v2\/product_cat?post=104741"},{"taxonomy":"product_tag","embeddable":true,"href":"https:\/\/www.ernstbrunn-apotheke.at\/katalog\/wp-json\/wp\/v2\/product_tag?post=104741"}],"curies":[{"name":"wp","href":"https:\/\/api.w.org\/{rel}","templated":true}]}}