{"id":104657,"date":"2025-11-12T15:20:19","date_gmt":"2025-11-12T14:20:19","guid":{"rendered":"https:\/\/www.ernstbrunn-apotheke.at\/katalog\/produkt\/vichy-mineral-89-probiotic-fractions-30-ml\/"},"modified":"2025-12-08T21:43:31","modified_gmt":"2025-12-08T20:43:31","slug":"vichy-mineral-89-probiotic-fractions-30-ml","status":"publish","type":"product","link":"https:\/\/www.ernstbrunn-apotheke.at\/katalog\/produkt\/vichy-mineral-89-probiotic-fractions-30-ml\/","title":{"rendered":"VICHY Min\u00e9ral 89 Probiotic Fractions 30 ml"},"content":{"rendered":"<p>Die hochkonzentrierte Kraft von 89% Thermalwasser in Verbindung mit h\u00f6chster Konzentration an nat\u00fcrlichem Hyaluron macht Min\u00e9ral 89 zu einem einzigartigen Frische-Boost f\u00fcr die Haut. Min\u00e9ral 89 st\u00e4rkt die Widerstandsf\u00e4higkeit der Haut und schenkt ihr jeden Tag ein gesundes, strahlendes Aussehen. Die Formel des gl\u00e4ttenden Serums ist mit probiotischen Extrakten aus Vichys Vulkanischem Wasser angereichert und enth\u00e4lt antioxidative Vitamine wie Vitamin E und Niacinamid. Der Regenerationsprozess der Haut wird gef\u00f6rdert und gleichzeitig sorgt das Feuchtigkeitsserum f\u00fcr einen sichtbaren Glow-Effekt der Haut. Die Haut gewinnt mit jedem Tag an Strahlkraft und Elastizit\u00e4t. Mit dem gl\u00e4ttenden Serum wird den Anzeichen von Hautalterung effektiv entgegengewirkt und feine Linien gemildert..<\/p>\n","protected":false},"excerpt":{"rendered":"<p>Die hochkonzentrierte Kraft von 89% Thermalwasser in Verbindung mit h\u00f6chster Konzentration an nat\u00fcrlichem Hyaluron macht Min\u00e9ral 89 zu einem einzigartigen Frische-Boost f\u00fcr die Haut. Min\u00e9ral 89 st\u00e4rkt die Widerstandsf\u00e4higkeit der Haut und schenkt ihr jeden Tag ein gesundes, strahlendes Aussehen. Die Formel des gl\u00e4ttenden Serums ist mit probiotischen Extrakten aus Vichys Vulkanischem Wasser angereichert und [&hellip;]<\/p>\n","protected":false},"featured_media":104659,"template":"","meta":{"_acf_changed":false},"product_brand":[675],"product_cat":[799],"product_tag":[],"class_list":{"0":"post-104657","1":"product","2":"type-product","3":"status-publish","4":"has-post-thumbnail","6":"product_brand-vichy","7":"product_cat-v","8":"pa_packungsgroesse-30ml","10":"first","11":"instock","12":"shipping-taxable","13":"purchasable","14":"product-type-simple"},"acf":[],"_links":{"self":[{"href":"https:\/\/www.ernstbrunn-apotheke.at\/katalog\/wp-json\/wp\/v2\/product\/104657","targetHints":{"allow":["GET"]}}],"collection":[{"href":"https:\/\/www.ernstbrunn-apotheke.at\/katalog\/wp-json\/wp\/v2\/product"}],"about":[{"href":"https:\/\/www.ernstbrunn-apotheke.at\/katalog\/wp-json\/wp\/v2\/types\/product"}],"wp:featuredmedia":[{"embeddable":true,"href":"https:\/\/www.ernstbrunn-apotheke.at\/katalog\/wp-json\/wp\/v2\/media\/104659"}],"wp:attachment":[{"href":"https:\/\/www.ernstbrunn-apotheke.at\/katalog\/wp-json\/wp\/v2\/media?parent=104657"}],"wp:term":[{"taxonomy":"product_brand","embeddable":true,"href":"https:\/\/www.ernstbrunn-apotheke.at\/katalog\/wp-json\/wp\/v2\/product_brand?post=104657"},{"taxonomy":"product_cat","embeddable":true,"href":"https:\/\/www.ernstbrunn-apotheke.at\/katalog\/wp-json\/wp\/v2\/product_cat?post=104657"},{"taxonomy":"product_tag","embeddable":true,"href":"https:\/\/www.ernstbrunn-apotheke.at\/katalog\/wp-json\/wp\/v2\/product_tag?post=104657"}],"curies":[{"name":"wp","href":"https:\/\/api.w.org\/{rel}","templated":true}]}}