{"id":104605,"date":"2025-11-12T15:19:17","date_gmt":"2025-11-12T14:19:17","guid":{"rendered":"https:\/\/www.ernstbrunn-apotheke.at\/katalog\/produkt\/sonnentor-kardamom-gemahlen-50-g\/"},"modified":"2025-12-08T21:43:19","modified_gmt":"2025-12-08T20:43:19","slug":"sonnentor-kardamom-gemahlen-50-g","status":"publish","type":"product","link":"https:\/\/www.ernstbrunn-apotheke.at\/katalog\/produkt\/sonnentor-kardamom-gemahlen-50-g\/","title":{"rendered":"Sonnentor Kardamom gemahlen 50 g"},"content":{"rendered":"<p>Kardamom ist neben Safran und Vanille eines der teuersten Gew\u00fcrze. Das tut seiner Beliebtheit aber keinen Abbruch! kommt er dank Lebkuchen, Punsch und Zimtschnecken vor allem zur Weihnachtszeit gro\u00df raus. Dabei ist Kardamom an 365 Tagen im Jahr das w\u00fcrzige i-T\u00fcpfelchen in Kaffee, Kompott, Kuchen und Curry. Prise f\u00fcr Prise aromatischer Luxus!<\/p>\n","protected":false},"excerpt":{"rendered":"<p>Kardamom ist neben Safran und Vanille eines der teuersten Gew\u00fcrze. Das tut seiner Beliebtheit aber keinen Abbruch! kommt er dank Lebkuchen, Punsch und Zimtschnecken vor allem zur Weihnachtszeit gro\u00df raus. Dabei ist Kardamom an 365 Tagen im Jahr das w\u00fcrzige i-T\u00fcpfelchen in Kaffee, Kompott, Kuchen und Curry. Prise f\u00fcr Prise aromatischer Luxus!<\/p>\n","protected":false},"featured_media":104607,"template":"","meta":{"_acf_changed":false},"product_brand":[925],"product_cat":[791],"product_tag":[],"class_list":{"0":"post-104605","1":"product","2":"type-product","3":"status-publish","4":"has-post-thumbnail","6":"product_brand-sonnentor","7":"product_cat-s","8":"pa_packungsgroesse-50g","10":"first","11":"instock","12":"shipping-taxable","13":"purchasable","14":"product-type-simple"},"acf":[],"_links":{"self":[{"href":"https:\/\/www.ernstbrunn-apotheke.at\/katalog\/wp-json\/wp\/v2\/product\/104605","targetHints":{"allow":["GET"]}}],"collection":[{"href":"https:\/\/www.ernstbrunn-apotheke.at\/katalog\/wp-json\/wp\/v2\/product"}],"about":[{"href":"https:\/\/www.ernstbrunn-apotheke.at\/katalog\/wp-json\/wp\/v2\/types\/product"}],"wp:featuredmedia":[{"embeddable":true,"href":"https:\/\/www.ernstbrunn-apotheke.at\/katalog\/wp-json\/wp\/v2\/media\/104607"}],"wp:attachment":[{"href":"https:\/\/www.ernstbrunn-apotheke.at\/katalog\/wp-json\/wp\/v2\/media?parent=104605"}],"wp:term":[{"taxonomy":"product_brand","embeddable":true,"href":"https:\/\/www.ernstbrunn-apotheke.at\/katalog\/wp-json\/wp\/v2\/product_brand?post=104605"},{"taxonomy":"product_cat","embeddable":true,"href":"https:\/\/www.ernstbrunn-apotheke.at\/katalog\/wp-json\/wp\/v2\/product_cat?post=104605"},{"taxonomy":"product_tag","embeddable":true,"href":"https:\/\/www.ernstbrunn-apotheke.at\/katalog\/wp-json\/wp\/v2\/product_tag?post=104605"}],"curies":[{"name":"wp","href":"https:\/\/api.w.org\/{rel}","templated":true}]}}