{"id":104361,"date":"2025-11-12T15:00:55","date_gmt":"2025-11-12T14:00:55","guid":{"rendered":"https:\/\/www.ernstbrunn-apotheke.at\/katalog\/produkt\/passedan-tropfen\/"},"modified":"2025-12-08T23:22:51","modified_gmt":"2025-12-08T22:22:51","slug":"passedan-tropfen","status":"publish","type":"product","link":"https:\/\/www.ernstbrunn-apotheke.at\/katalog\/produkt\/passedan-tropfen\/","title":{"rendered":"Passedan\u00ae &#8211; Tropfen"},"content":{"rendered":"<p>Passedan ist ein traditionelles pflanzliches Arzneimittel und wirkt bei Beschwerden wie Nervosit\u00e4t, innerer Unruhe sowie Unausgeglichenheit. Mit der sanften Wirkung dieser Tropfen f\u00fchlen Sie sich am Tag ruhiger und entspannter und k\u00f6nnen dadurch auch abends besser einschlafen. Die richtige Basis f\u00fcr Ihren Alltag mit all seinen Herausforderungen.<\/p>\n","protected":false},"excerpt":{"rendered":"<p>Passedan ist ein traditionelles pflanzliches Arzneimittel und wirkt bei Beschwerden wie Nervosit\u00e4t, innerer Unruhe sowie Unausgeglichenheit. Mit der sanften Wirkung dieser Tropfen f\u00fchlen Sie sich am Tag ruhiger und entspannter und k\u00f6nnen dadurch auch abends besser einschlafen. Die richtige Basis f\u00fcr Ihren Alltag mit all seinen Herausforderungen.<\/p>\n","protected":false},"featured_media":104363,"template":"","meta":{"_acf_changed":false},"product_brand":[],"product_cat":[793],"product_tag":[],"class_list":{"0":"post-104361","1":"product","2":"type-product","3":"status-publish","4":"has-post-thumbnail","6":"product_cat-p","7":"pa_packungsgroesse-100ml","8":"pa_packungsgroesse-30ml","10":"first","11":"instock","12":"shipping-taxable","13":"purchasable","14":"product-type-variable"},"acf":[],"_links":{"self":[{"href":"https:\/\/www.ernstbrunn-apotheke.at\/katalog\/wp-json\/wp\/v2\/product\/104361","targetHints":{"allow":["GET"]}}],"collection":[{"href":"https:\/\/www.ernstbrunn-apotheke.at\/katalog\/wp-json\/wp\/v2\/product"}],"about":[{"href":"https:\/\/www.ernstbrunn-apotheke.at\/katalog\/wp-json\/wp\/v2\/types\/product"}],"wp:featuredmedia":[{"embeddable":true,"href":"https:\/\/www.ernstbrunn-apotheke.at\/katalog\/wp-json\/wp\/v2\/media\/104363"}],"wp:attachment":[{"href":"https:\/\/www.ernstbrunn-apotheke.at\/katalog\/wp-json\/wp\/v2\/media?parent=104361"}],"wp:term":[{"taxonomy":"product_brand","embeddable":true,"href":"https:\/\/www.ernstbrunn-apotheke.at\/katalog\/wp-json\/wp\/v2\/product_brand?post=104361"},{"taxonomy":"product_cat","embeddable":true,"href":"https:\/\/www.ernstbrunn-apotheke.at\/katalog\/wp-json\/wp\/v2\/product_cat?post=104361"},{"taxonomy":"product_tag","embeddable":true,"href":"https:\/\/www.ernstbrunn-apotheke.at\/katalog\/wp-json\/wp\/v2\/product_tag?post=104361"}],"curies":[{"name":"wp","href":"https:\/\/api.w.org\/{rel}","templated":true}]}}