{"id":104351,"date":"2025-11-12T15:00:55","date_gmt":"2025-11-12T14:00:55","guid":{"rendered":"https:\/\/www.ernstbrunn-apotheke.at\/katalog\/produkt\/zaffranax-30-stk-kapseln\/"},"modified":"2025-12-08T21:41:53","modified_gmt":"2025-12-08T20:41:53","slug":"zaffranax-30-stk-kapseln","status":"publish","type":"product","link":"https:\/\/www.ernstbrunn-apotheke.at\/katalog\/produkt\/zaffranax-30-stk-kapseln\/","title":{"rendered":"Zaffranax 30 Stk. Kapseln"},"content":{"rendered":"<p>Zaffranax ist ein effektives, gut vertr\u00e4gliches NEM und zur langfristigen Einnahme geeignet. Es unterst\u00fctzt in emotional geforderten Zeiten die mit gedr\u00fcckter Stimmung, Stress, M\u00fcdigkeit, Leere, Interessensverlust sowie st\u00e4ndiger Sorge, Unruhe oder Antriebslosigkeit einhergehen k\u00f6nnen. Es enth\u00e4lt einen einzigartigen, synergischen Nutrikomplex, mit einem qualitativ hochwertigen, standardisierten Safran Extrakt mit hoch bioverf\u00fcgbarem Magnesium und B Vitaminen kombiniert \u2013 jetzt online stark preisreduziert bestellen!<\/p>\n","protected":false},"excerpt":{"rendered":"<p>Zaffranax ist ein effektives, gut vertr\u00e4gliches NEM und zur langfristigen Einnahme geeignet. Es unterst\u00fctzt in emotional geforderten Zeiten die mit gedr\u00fcckter Stimmung, Stress, M\u00fcdigkeit, Leere, Interessensverlust sowie st\u00e4ndiger Sorge, Unruhe oder Antriebslosigkeit einhergehen k\u00f6nnen. Es enth\u00e4lt einen einzigartigen, synergischen Nutrikomplex, mit einem qualitativ hochwertigen, standardisierten Safran Extrakt mit hoch bioverf\u00fcgbarem Magnesium und B Vitaminen kombiniert [&hellip;]<\/p>\n","protected":false},"featured_media":104353,"template":"","meta":{"_acf_changed":false},"product_brand":[],"product_cat":[803],"product_tag":[],"class_list":{"0":"post-104351","1":"product","2":"type-product","3":"status-publish","4":"has-post-thumbnail","6":"product_cat-z","7":"pa_packungsgroesse-30-stueck","9":"first","10":"instock","11":"shipping-taxable","12":"purchasable","13":"product-type-simple"},"acf":[],"_links":{"self":[{"href":"https:\/\/www.ernstbrunn-apotheke.at\/katalog\/wp-json\/wp\/v2\/product\/104351","targetHints":{"allow":["GET"]}}],"collection":[{"href":"https:\/\/www.ernstbrunn-apotheke.at\/katalog\/wp-json\/wp\/v2\/product"}],"about":[{"href":"https:\/\/www.ernstbrunn-apotheke.at\/katalog\/wp-json\/wp\/v2\/types\/product"}],"wp:featuredmedia":[{"embeddable":true,"href":"https:\/\/www.ernstbrunn-apotheke.at\/katalog\/wp-json\/wp\/v2\/media\/104353"}],"wp:attachment":[{"href":"https:\/\/www.ernstbrunn-apotheke.at\/katalog\/wp-json\/wp\/v2\/media?parent=104351"}],"wp:term":[{"taxonomy":"product_brand","embeddable":true,"href":"https:\/\/www.ernstbrunn-apotheke.at\/katalog\/wp-json\/wp\/v2\/product_brand?post=104351"},{"taxonomy":"product_cat","embeddable":true,"href":"https:\/\/www.ernstbrunn-apotheke.at\/katalog\/wp-json\/wp\/v2\/product_cat?post=104351"},{"taxonomy":"product_tag","embeddable":true,"href":"https:\/\/www.ernstbrunn-apotheke.at\/katalog\/wp-json\/wp\/v2\/product_tag?post=104351"}],"curies":[{"name":"wp","href":"https:\/\/api.w.org\/{rel}","templated":true}]}}