{"id":104322,"date":"2025-11-12T14:59:53","date_gmt":"2025-11-12T13:59:53","guid":{"rendered":"https:\/\/www.ernstbrunn-apotheke.at\/katalog\/produkt\/nervenruh-forte-dragees\/"},"modified":"2025-12-08T21:41:55","modified_gmt":"2025-12-08T20:41:55","slug":"nervenruh-forte-dragees","status":"publish","type":"product","link":"https:\/\/www.ernstbrunn-apotheke.at\/katalog\/produkt\/nervenruh-forte-dragees\/","title":{"rendered":"Nervenruh forte Dragees"},"content":{"rendered":"<p>Nervenruh forte ist ein pflanzliches Arzneimittel, das Extrakte aus Baldrian, der Passionsblume und Hopfen enth\u00e4lt. Die Dragees wirken beruhigend und eignen sich zur Anwendung bei leichten Beschwerden von mentalem Stress und nerv\u00f6s bedingten Schlafst\u00f6rungen.<\/p>\n","protected":false},"excerpt":{"rendered":"<p>Nervenruh forte ist ein pflanzliches Arzneimittel, das Extrakte aus Baldrian, der Passionsblume und Hopfen enth\u00e4lt. Die Dragees wirken beruhigend und eignen sich zur Anwendung bei leichten Beschwerden von mentalem Stress und nerv\u00f6s bedingten Schlafst\u00f6rungen.<\/p>\n","protected":false},"featured_media":104324,"template":"","meta":{"_acf_changed":false},"product_brand":[],"product_cat":[797],"product_tag":[],"class_list":{"0":"post-104322","1":"product","2":"type-product","3":"status-publish","4":"has-post-thumbnail","6":"product_cat-n","7":"pa_farbe-gelb-gruen","8":"pa_packungsgroesse-160-stueck","9":"pa_packungsgroesse-60-stueck","11":"first","12":"instock","13":"shipping-taxable","14":"purchasable","15":"product-type-variable"},"acf":[],"_links":{"self":[{"href":"https:\/\/www.ernstbrunn-apotheke.at\/katalog\/wp-json\/wp\/v2\/product\/104322","targetHints":{"allow":["GET"]}}],"collection":[{"href":"https:\/\/www.ernstbrunn-apotheke.at\/katalog\/wp-json\/wp\/v2\/product"}],"about":[{"href":"https:\/\/www.ernstbrunn-apotheke.at\/katalog\/wp-json\/wp\/v2\/types\/product"}],"wp:featuredmedia":[{"embeddable":true,"href":"https:\/\/www.ernstbrunn-apotheke.at\/katalog\/wp-json\/wp\/v2\/media\/104324"}],"wp:attachment":[{"href":"https:\/\/www.ernstbrunn-apotheke.at\/katalog\/wp-json\/wp\/v2\/media?parent=104322"}],"wp:term":[{"taxonomy":"product_brand","embeddable":true,"href":"https:\/\/www.ernstbrunn-apotheke.at\/katalog\/wp-json\/wp\/v2\/product_brand?post=104322"},{"taxonomy":"product_cat","embeddable":true,"href":"https:\/\/www.ernstbrunn-apotheke.at\/katalog\/wp-json\/wp\/v2\/product_cat?post=104322"},{"taxonomy":"product_tag","embeddable":true,"href":"https:\/\/www.ernstbrunn-apotheke.at\/katalog\/wp-json\/wp\/v2\/product_tag?post=104322"}],"curies":[{"name":"wp","href":"https:\/\/api.w.org\/{rel}","templated":true}]}}