{"id":10418,"date":"2025-11-07T14:15:53","date_gmt":"2025-11-07T13:15:53","guid":{"rendered":"https:\/\/www.ernstbrunn-apotheke.at\/katalog\/produkt\/crataegan-tropfen-50-ml\/"},"modified":"2025-12-08T13:29:29","modified_gmt":"2025-12-08T12:29:29","slug":"crataegan-tropfen-50-ml","status":"publish","type":"product","link":"https:\/\/www.ernstbrunn-apotheke.at\/katalog\/produkt\/crataegan-tropfen-50-ml\/","title":{"rendered":"Crataegan Tropfen 50 ml"},"content":{"rendered":"<p>Crataegan Tropfen sind ein pflanzliches Arzneimittel zur Anwendung bei beginnender Leistungsverminderung des Herzens. M\u00f6gliche Symptome k\u00f6nnen Abgeschlagenheit und M\u00fcdigkeit bei Belastung sein.<\/p>\n","protected":false},"excerpt":{"rendered":"<p>Crataegan Tropfen sind ein pflanzliches Arzneimittel zur Anwendung bei beginnender Leistungsverminderung des Herzens. M\u00f6gliche Symptome k\u00f6nnen Abgeschlagenheit und M\u00fcdigkeit bei Belastung sein.<\/p>\n","protected":false},"featured_media":10420,"template":"","meta":{"_acf_changed":false},"product_brand":[],"product_cat":[812],"product_tag":[],"class_list":{"0":"post-10418","1":"product","2":"type-product","3":"status-publish","4":"has-post-thumbnail","6":"product_cat-c","7":"pa_packungsgroesse-50ml","9":"first","10":"instock","11":"shipping-taxable","12":"purchasable","13":"product-type-simple"},"acf":[],"_links":{"self":[{"href":"https:\/\/www.ernstbrunn-apotheke.at\/katalog\/wp-json\/wp\/v2\/product\/10418","targetHints":{"allow":["GET"]}}],"collection":[{"href":"https:\/\/www.ernstbrunn-apotheke.at\/katalog\/wp-json\/wp\/v2\/product"}],"about":[{"href":"https:\/\/www.ernstbrunn-apotheke.at\/katalog\/wp-json\/wp\/v2\/types\/product"}],"wp:featuredmedia":[{"embeddable":true,"href":"https:\/\/www.ernstbrunn-apotheke.at\/katalog\/wp-json\/wp\/v2\/media\/10420"}],"wp:attachment":[{"href":"https:\/\/www.ernstbrunn-apotheke.at\/katalog\/wp-json\/wp\/v2\/media?parent=10418"}],"wp:term":[{"taxonomy":"product_brand","embeddable":true,"href":"https:\/\/www.ernstbrunn-apotheke.at\/katalog\/wp-json\/wp\/v2\/product_brand?post=10418"},{"taxonomy":"product_cat","embeddable":true,"href":"https:\/\/www.ernstbrunn-apotheke.at\/katalog\/wp-json\/wp\/v2\/product_cat?post=10418"},{"taxonomy":"product_tag","embeddable":true,"href":"https:\/\/www.ernstbrunn-apotheke.at\/katalog\/wp-json\/wp\/v2\/product_tag?post=10418"}],"curies":[{"name":"wp","href":"https:\/\/api.w.org\/{rel}","templated":true}]}}