{"id":104123,"date":"2025-11-12T14:55:44","date_gmt":"2025-11-12T13:55:44","guid":{"rendered":"https:\/\/www.ernstbrunn-apotheke.at\/katalog\/produkt\/madara-grow-and-fix-brow-lash-booster\/"},"modified":"2025-12-08T21:40:05","modified_gmt":"2025-12-08T20:40:05","slug":"madara-grow-and-fix-brow-lash-booster","status":"publish","type":"product","link":"https:\/\/www.ernstbrunn-apotheke.at\/katalog\/produkt\/madara-grow-and-fix-brow-lash-booster\/","title":{"rendered":"Madara Grow and Fix Brow &#038; Lash Booster"},"content":{"rendered":"<p>Dieses Wimpern- und Brauen-Serum ist reich an nat\u00fcrlichen Peptiden, aus Pilzen gewonnenen Wachstumsvitaminen, Koffein und nat\u00fcrlichen Biopolymeren und ein echtes Kraftwerk, um Volumen, L\u00e4nge und Glanz wieder aufzuladen. Verst\u00e4rkt, formt und korrigiert f\u00fcr einen perfekt gez\u00e4hmten oder ultimativ rebellischen Look. Formt und fixiert Ihre Augenbrauen f\u00fcr den perfekt braven Look oder gibt einen sicheren Halt Ihrem entfesselten rebellischen Stil.<\/p>\n","protected":false},"excerpt":{"rendered":"<p>Dieses Wimpern- und Brauen-Serum ist reich an nat\u00fcrlichen Peptiden, aus Pilzen gewonnenen Wachstumsvitaminen, Koffein und nat\u00fcrlichen Biopolymeren und ein echtes Kraftwerk, um Volumen, L\u00e4nge und Glanz wieder aufzuladen. Verst\u00e4rkt, formt und korrigiert f\u00fcr einen perfekt gez\u00e4hmten oder ultimativ rebellischen Look. Formt und fixiert Ihre Augenbrauen f\u00fcr den perfekt braven Look oder gibt einen sicheren Halt [&hellip;]<\/p>\n","protected":false},"featured_media":104125,"template":"","meta":{"_acf_changed":false},"product_brand":[1253],"product_cat":[800],"product_tag":[],"class_list":{"0":"post-104123","1":"product","2":"type-product","3":"status-publish","4":"has-post-thumbnail","6":"product_brand-madara","7":"product_cat-m","8":"pa_packungsgroesse-4ml","10":"first","11":"instock","12":"shipping-taxable","13":"purchasable","14":"product-type-simple"},"acf":[],"_links":{"self":[{"href":"https:\/\/www.ernstbrunn-apotheke.at\/katalog\/wp-json\/wp\/v2\/product\/104123","targetHints":{"allow":["GET"]}}],"collection":[{"href":"https:\/\/www.ernstbrunn-apotheke.at\/katalog\/wp-json\/wp\/v2\/product"}],"about":[{"href":"https:\/\/www.ernstbrunn-apotheke.at\/katalog\/wp-json\/wp\/v2\/types\/product"}],"wp:featuredmedia":[{"embeddable":true,"href":"https:\/\/www.ernstbrunn-apotheke.at\/katalog\/wp-json\/wp\/v2\/media\/104125"}],"wp:attachment":[{"href":"https:\/\/www.ernstbrunn-apotheke.at\/katalog\/wp-json\/wp\/v2\/media?parent=104123"}],"wp:term":[{"taxonomy":"product_brand","embeddable":true,"href":"https:\/\/www.ernstbrunn-apotheke.at\/katalog\/wp-json\/wp\/v2\/product_brand?post=104123"},{"taxonomy":"product_cat","embeddable":true,"href":"https:\/\/www.ernstbrunn-apotheke.at\/katalog\/wp-json\/wp\/v2\/product_cat?post=104123"},{"taxonomy":"product_tag","embeddable":true,"href":"https:\/\/www.ernstbrunn-apotheke.at\/katalog\/wp-json\/wp\/v2\/product_tag?post=104123"}],"curies":[{"name":"wp","href":"https:\/\/api.w.org\/{rel}","templated":true}]}}