{"id":103788,"date":"2025-11-12T14:43:13","date_gmt":"2025-11-12T13:43:13","guid":{"rendered":"https:\/\/www.ernstbrunn-apotheke.at\/katalog\/produkt\/vircodor-kapseln-180-stk\/"},"modified":"2025-12-08T21:37:34","modified_gmt":"2025-12-08T20:37:34","slug":"vircodor-kapseln-180-stk","status":"publish","type":"product","link":"https:\/\/www.ernstbrunn-apotheke.at\/katalog\/produkt\/vircodor-kapseln-180-stk\/","title":{"rendered":"Vircodor Kapseln 180 Stk."},"content":{"rendered":"<p>Vircodor &#8211; Sternanis hat antibakterielle und antivirale Eigenschaften, die die k\u00f6rpereigene Abwehr bestm\u00f6glich unterst\u00fctzt. Ein zu schwaches Immunsystem wird gest\u00e4rkt und kann wieder zur Abwehr von viralen Infekten beitragen. Erg\u00e4nzend unterst\u00fctzt Thymian die Abwehrkr\u00e4fte und Atemwege. Vitamin C und Coenzym Q10 f\u00f6rdern einen normalen Energiestoffwechsel. Vitamin D3 und Selen leisten einen wertvollen Beitrag zur Funktion des Immunsystems<\/p>\n","protected":false},"excerpt":{"rendered":"<p>Vircodor &#8211; Sternanis hat antibakterielle und antivirale Eigenschaften, die die k\u00f6rpereigene Abwehr bestm\u00f6glich unterst\u00fctzt. Ein zu schwaches Immunsystem wird gest\u00e4rkt und kann wieder zur Abwehr von viralen Infekten beitragen. Erg\u00e4nzend unterst\u00fctzt Thymian die Abwehrkr\u00e4fte und Atemwege. Vitamin C und Coenzym Q10 f\u00f6rdern einen normalen Energiestoffwechsel. Vitamin D3 und Selen leisten einen wertvollen Beitrag zur Funktion [&hellip;]<\/p>\n","protected":false},"featured_media":103790,"template":"","meta":{"_acf_changed":false},"product_brand":[],"product_cat":[799],"product_tag":[],"class_list":{"0":"post-103788","1":"product","2":"type-product","3":"status-publish","4":"has-post-thumbnail","6":"product_cat-v","7":"pa_packungsgroesse-180-stueck","9":"first","10":"instock","11":"shipping-taxable","12":"purchasable","13":"product-type-simple"},"acf":[],"_links":{"self":[{"href":"https:\/\/www.ernstbrunn-apotheke.at\/katalog\/wp-json\/wp\/v2\/product\/103788","targetHints":{"allow":["GET"]}}],"collection":[{"href":"https:\/\/www.ernstbrunn-apotheke.at\/katalog\/wp-json\/wp\/v2\/product"}],"about":[{"href":"https:\/\/www.ernstbrunn-apotheke.at\/katalog\/wp-json\/wp\/v2\/types\/product"}],"wp:featuredmedia":[{"embeddable":true,"href":"https:\/\/www.ernstbrunn-apotheke.at\/katalog\/wp-json\/wp\/v2\/media\/103790"}],"wp:attachment":[{"href":"https:\/\/www.ernstbrunn-apotheke.at\/katalog\/wp-json\/wp\/v2\/media?parent=103788"}],"wp:term":[{"taxonomy":"product_brand","embeddable":true,"href":"https:\/\/www.ernstbrunn-apotheke.at\/katalog\/wp-json\/wp\/v2\/product_brand?post=103788"},{"taxonomy":"product_cat","embeddable":true,"href":"https:\/\/www.ernstbrunn-apotheke.at\/katalog\/wp-json\/wp\/v2\/product_cat?post=103788"},{"taxonomy":"product_tag","embeddable":true,"href":"https:\/\/www.ernstbrunn-apotheke.at\/katalog\/wp-json\/wp\/v2\/product_tag?post=103788"}],"curies":[{"name":"wp","href":"https:\/\/api.w.org\/{rel}","templated":true}]}}