{"id":103582,"date":"2025-11-12T14:37:42","date_gmt":"2025-11-12T13:37:42","guid":{"rendered":"https:\/\/www.ernstbrunn-apotheke.at\/katalog\/produkt\/swissherbs-grethers-pastillen-energy-boost-zuckerfrei-45-g\/"},"modified":"2025-12-08T21:35:15","modified_gmt":"2025-12-08T20:35:15","slug":"swissherbs-grethers-pastillen-energy-boost-zuckerfrei-45-g","status":"publish","type":"product","link":"https:\/\/www.ernstbrunn-apotheke.at\/katalog\/produkt\/swissherbs-grethers-pastillen-energy-boost-zuckerfrei-45-g\/","title":{"rendered":"SwissHerbs Grethers Pastillen Energy Boost zuckerfrei 45 g"},"content":{"rendered":"<p>Die Schweizer Pastille mit dem Edelwei\u00df! F\u00fcr mehr Energie und verbesserte Leistungsf\u00e4higkeit. Mit Edelwei\u00df, Guarana- und Kolanuss-Extrakt, Aronia Fruchtsaft, Glycerin, Vitaminen C und A. F\u00fcr mehr Energie und verbesserte Leistungsf\u00e4higkeit.<\/p>\n","protected":false},"excerpt":{"rendered":"<p>Die Schweizer Pastille mit dem Edelwei\u00df! F\u00fcr mehr Energie und verbesserte Leistungsf\u00e4higkeit. Mit Edelwei\u00df, Guarana- und Kolanuss-Extrakt, Aronia Fruchtsaft, Glycerin, Vitaminen C und A. F\u00fcr mehr Energie und verbesserte Leistungsf\u00e4higkeit.<\/p>\n","protected":false},"featured_media":103584,"template":"","meta":{"_acf_changed":false},"product_brand":[],"product_cat":[791],"product_tag":[],"class_list":{"0":"post-103582","1":"product","2":"type-product","3":"status-publish","4":"has-post-thumbnail","6":"product_cat-s","7":"pa_packungsgroesse-45g","9":"first","10":"instock","11":"shipping-taxable","12":"purchasable","13":"product-type-simple"},"acf":[],"_links":{"self":[{"href":"https:\/\/www.ernstbrunn-apotheke.at\/katalog\/wp-json\/wp\/v2\/product\/103582","targetHints":{"allow":["GET"]}}],"collection":[{"href":"https:\/\/www.ernstbrunn-apotheke.at\/katalog\/wp-json\/wp\/v2\/product"}],"about":[{"href":"https:\/\/www.ernstbrunn-apotheke.at\/katalog\/wp-json\/wp\/v2\/types\/product"}],"wp:featuredmedia":[{"embeddable":true,"href":"https:\/\/www.ernstbrunn-apotheke.at\/katalog\/wp-json\/wp\/v2\/media\/103584"}],"wp:attachment":[{"href":"https:\/\/www.ernstbrunn-apotheke.at\/katalog\/wp-json\/wp\/v2\/media?parent=103582"}],"wp:term":[{"taxonomy":"product_brand","embeddable":true,"href":"https:\/\/www.ernstbrunn-apotheke.at\/katalog\/wp-json\/wp\/v2\/product_brand?post=103582"},{"taxonomy":"product_cat","embeddable":true,"href":"https:\/\/www.ernstbrunn-apotheke.at\/katalog\/wp-json\/wp\/v2\/product_cat?post=103582"},{"taxonomy":"product_tag","embeddable":true,"href":"https:\/\/www.ernstbrunn-apotheke.at\/katalog\/wp-json\/wp\/v2\/product_tag?post=103582"}],"curies":[{"name":"wp","href":"https:\/\/api.w.org\/{rel}","templated":true}]}}