{"id":10345,"date":"2025-11-07T14:14:42","date_gmt":"2025-11-07T13:14:42","guid":{"rendered":"https:\/\/www.ernstbrunn-apotheke.at\/katalog\/produkt\/liponsaeure-150mg-kapseln\/"},"modified":"2025-12-08T13:29:18","modified_gmt":"2025-12-08T12:29:18","slug":"liponsaeure-150mg-kapseln","status":"publish","type":"product","link":"https:\/\/www.ernstbrunn-apotheke.at\/katalog\/produkt\/liponsaeure-150mg-kapseln\/","title":{"rendered":"Lipons\u00e4ure 150mg Kapseln"},"content":{"rendered":"<p>Lipons\u00e4ure 150 mg GPH Kapseln enthalten 150 mg Alphalipons\u00e4ure in einer Hartgelatinekapsel. Studien belegen, dass Lipons\u00e4ure zu einer signifikanten Verbesserung neuropathischer Symptome (Schmerzen, Par\u00e4sthesien, Brennen), zu einer Normalisierung der Nervenleitgeschwindigkeit und zu einem Anstieg des Nervenwachstumsfaktors im peripheren Nerv f\u00fchrt.<\/p>\n","protected":false},"excerpt":{"rendered":"<p>Lipons\u00e4ure 150 mg GPH Kapseln enthalten 150 mg Alphalipons\u00e4ure in einer Hartgelatinekapsel. Studien belegen, dass Lipons\u00e4ure zu einer signifikanten Verbesserung neuropathischer Symptome (Schmerzen, Par\u00e4sthesien, Brennen), zu einer Normalisierung der Nervenleitgeschwindigkeit und zu einem Anstieg des Nervenwachstumsfaktors im peripheren Nerv f\u00fchrt.<\/p>\n","protected":false},"featured_media":10347,"template":"","meta":{"_acf_changed":false},"product_brand":[371],"product_cat":[795],"product_tag":[],"class_list":{"0":"post-10345","1":"product","2":"type-product","3":"status-publish","4":"has-post-thumbnail","6":"product_brand-gall-pharma","7":"product_cat-l","8":"pa_packungsgroesse-90-stueck","10":"first","11":"instock","12":"shipping-taxable","13":"purchasable","14":"product-type-simple"},"acf":[],"_links":{"self":[{"href":"https:\/\/www.ernstbrunn-apotheke.at\/katalog\/wp-json\/wp\/v2\/product\/10345","targetHints":{"allow":["GET"]}}],"collection":[{"href":"https:\/\/www.ernstbrunn-apotheke.at\/katalog\/wp-json\/wp\/v2\/product"}],"about":[{"href":"https:\/\/www.ernstbrunn-apotheke.at\/katalog\/wp-json\/wp\/v2\/types\/product"}],"wp:featuredmedia":[{"embeddable":true,"href":"https:\/\/www.ernstbrunn-apotheke.at\/katalog\/wp-json\/wp\/v2\/media\/10347"}],"wp:attachment":[{"href":"https:\/\/www.ernstbrunn-apotheke.at\/katalog\/wp-json\/wp\/v2\/media?parent=10345"}],"wp:term":[{"taxonomy":"product_brand","embeddable":true,"href":"https:\/\/www.ernstbrunn-apotheke.at\/katalog\/wp-json\/wp\/v2\/product_brand?post=10345"},{"taxonomy":"product_cat","embeddable":true,"href":"https:\/\/www.ernstbrunn-apotheke.at\/katalog\/wp-json\/wp\/v2\/product_cat?post=10345"},{"taxonomy":"product_tag","embeddable":true,"href":"https:\/\/www.ernstbrunn-apotheke.at\/katalog\/wp-json\/wp\/v2\/product_tag?post=10345"}],"curies":[{"name":"wp","href":"https:\/\/api.w.org\/{rel}","templated":true}]}}