{"id":103242,"date":"2025-11-12T14:17:56","date_gmt":"2025-11-12T13:17:56","guid":{"rendered":"https:\/\/www.ernstbrunn-apotheke.at\/katalog\/produkt\/dr-jacobs-melatonin-b12-forte-tabletten-90-stk\/"},"modified":"2025-12-08T21:32:58","modified_gmt":"2025-12-08T20:32:58","slug":"dr-jacobs-melatonin-b12-forte-tabletten-90-stk","status":"publish","type":"product","link":"https:\/\/www.ernstbrunn-apotheke.at\/katalog\/produkt\/dr-jacobs-melatonin-b12-forte-tabletten-90-stk\/","title":{"rendered":"Dr. Jacob&#8217;s Melatonin B12 forte Tabletten 90 Stk."},"content":{"rendered":"<p>Melatonin B12 forte Tabletten mit Melatonin verk\u00fcrzen Einschlafzeit und lindern Jetlag! Neben 3 mg hochdosiertem Melationin unterst\u00fctzt das enthaltene Vitamin B12 Psyche und Nerven. Die Lutschtabletten mit Kirschgeschmack sind au\u00dferdem vegan<\/p>\n","protected":false},"excerpt":{"rendered":"<p>Melatonin B12 forte Tabletten mit Melatonin verk\u00fcrzen Einschlafzeit und lindern Jetlag! Neben 3 mg hochdosiertem Melationin unterst\u00fctzt das enthaltene Vitamin B12 Psyche und Nerven. Die Lutschtabletten mit Kirschgeschmack sind au\u00dferdem vegan<\/p>\n","protected":false},"featured_media":103244,"template":"","meta":{"_acf_changed":false},"product_brand":[433],"product_cat":[792],"product_tag":[],"class_list":{"0":"post-103242","1":"product","2":"type-product","3":"status-publish","4":"has-post-thumbnail","6":"product_brand-dr-jacobs","7":"product_cat-d","8":"pa_packungsgroesse-90-stueck","10":"first","11":"instock","12":"shipping-taxable","13":"purchasable","14":"product-type-simple"},"acf":[],"_links":{"self":[{"href":"https:\/\/www.ernstbrunn-apotheke.at\/katalog\/wp-json\/wp\/v2\/product\/103242","targetHints":{"allow":["GET"]}}],"collection":[{"href":"https:\/\/www.ernstbrunn-apotheke.at\/katalog\/wp-json\/wp\/v2\/product"}],"about":[{"href":"https:\/\/www.ernstbrunn-apotheke.at\/katalog\/wp-json\/wp\/v2\/types\/product"}],"wp:featuredmedia":[{"embeddable":true,"href":"https:\/\/www.ernstbrunn-apotheke.at\/katalog\/wp-json\/wp\/v2\/media\/103244"}],"wp:attachment":[{"href":"https:\/\/www.ernstbrunn-apotheke.at\/katalog\/wp-json\/wp\/v2\/media?parent=103242"}],"wp:term":[{"taxonomy":"product_brand","embeddable":true,"href":"https:\/\/www.ernstbrunn-apotheke.at\/katalog\/wp-json\/wp\/v2\/product_brand?post=103242"},{"taxonomy":"product_cat","embeddable":true,"href":"https:\/\/www.ernstbrunn-apotheke.at\/katalog\/wp-json\/wp\/v2\/product_cat?post=103242"},{"taxonomy":"product_tag","embeddable":true,"href":"https:\/\/www.ernstbrunn-apotheke.at\/katalog\/wp-json\/wp\/v2\/product_tag?post=103242"}],"curies":[{"name":"wp","href":"https:\/\/api.w.org\/{rel}","templated":true}]}}