{"id":103234,"date":"2025-11-12T14:17:56","date_gmt":"2025-11-12T13:17:56","guid":{"rendered":"https:\/\/www.ernstbrunn-apotheke.at\/katalog\/produkt\/dr-boehm-immun-elixier-trinkpulver-30-stk\/"},"modified":"2025-12-08T21:32:57","modified_gmt":"2025-12-08T20:32:57","slug":"dr-boehm-immun-elixier-trinkpulver-30-stk","status":"publish","type":"product","link":"https:\/\/www.ernstbrunn-apotheke.at\/katalog\/produkt\/dr-boehm-immun-elixier-trinkpulver-30-stk\/","title":{"rendered":"Dr. B\u00f6hm Immun Elixier Trinkpulver 30 Stk."},"content":{"rendered":"<p>Dr. B\u00f6hm Immun Elixier ist ein hochdosierter Trinkpulver mit den am h\u00e4ufigsten bei Erk\u00e4ltungen eingesetzten Heilpflanzen. Zu diesen Heilpflanzen z\u00e4hlen unter anderem Holunder, Sanddorn, Echinacea, Sternanis und Melisse, erg\u00e4nzt mit den immunspezifischen N\u00e4hrstoffen Zink, Selen, Vitamin C und D, Magnesium und Lysin. Durch diese einzigartige Kombination der Wirkstoffe werden Ihre Abwehrkr\u00e4fte auf nat\u00fcrliche Weise gest\u00e4rkt, damit Grippe- oder Erk\u00e4ltungsviren keine Chance haben.<\/p>\n","protected":false},"excerpt":{"rendered":"<p>Dr. B\u00f6hm Immun Elixier ist ein hochdosierter Trinkpulver mit den am h\u00e4ufigsten bei Erk\u00e4ltungen eingesetzten Heilpflanzen. Zu diesen Heilpflanzen z\u00e4hlen unter anderem Holunder, Sanddorn, Echinacea, Sternanis und Melisse, erg\u00e4nzt mit den immunspezifischen N\u00e4hrstoffen Zink, Selen, Vitamin C und D, Magnesium und Lysin. Durch diese einzigartige Kombination der Wirkstoffe werden Ihre Abwehrkr\u00e4fte auf nat\u00fcrliche Weise gest\u00e4rkt, [&hellip;]<\/p>\n","protected":false},"featured_media":103236,"template":"","meta":{"_acf_changed":false},"product_brand":[365],"product_cat":[792],"product_tag":[],"class_list":{"0":"post-103234","1":"product","2":"type-product","3":"status-publish","4":"has-post-thumbnail","6":"product_brand-dr-boehm","7":"product_cat-d","8":"pa_packungsgroesse-30-beutel","10":"first","11":"instock","12":"shipping-taxable","13":"purchasable","14":"product-type-simple"},"acf":[],"_links":{"self":[{"href":"https:\/\/www.ernstbrunn-apotheke.at\/katalog\/wp-json\/wp\/v2\/product\/103234","targetHints":{"allow":["GET"]}}],"collection":[{"href":"https:\/\/www.ernstbrunn-apotheke.at\/katalog\/wp-json\/wp\/v2\/product"}],"about":[{"href":"https:\/\/www.ernstbrunn-apotheke.at\/katalog\/wp-json\/wp\/v2\/types\/product"}],"wp:featuredmedia":[{"embeddable":true,"href":"https:\/\/www.ernstbrunn-apotheke.at\/katalog\/wp-json\/wp\/v2\/media\/103236"}],"wp:attachment":[{"href":"https:\/\/www.ernstbrunn-apotheke.at\/katalog\/wp-json\/wp\/v2\/media?parent=103234"}],"wp:term":[{"taxonomy":"product_brand","embeddable":true,"href":"https:\/\/www.ernstbrunn-apotheke.at\/katalog\/wp-json\/wp\/v2\/product_brand?post=103234"},{"taxonomy":"product_cat","embeddable":true,"href":"https:\/\/www.ernstbrunn-apotheke.at\/katalog\/wp-json\/wp\/v2\/product_cat?post=103234"},{"taxonomy":"product_tag","embeddable":true,"href":"https:\/\/www.ernstbrunn-apotheke.at\/katalog\/wp-json\/wp\/v2\/product_tag?post=103234"}],"curies":[{"name":"wp","href":"https:\/\/api.w.org\/{rel}","templated":true}]}}