{"id":103214,"date":"2025-11-12T14:17:56","date_gmt":"2025-11-12T13:17:56","guid":{"rendered":"https:\/\/www.ernstbrunn-apotheke.at\/katalog\/produkt\/alpinamed-safran-kapseln-30-stk\/"},"modified":"2025-12-08T21:32:54","modified_gmt":"2025-12-08T20:32:54","slug":"alpinamed-safran-kapseln-30-stk","status":"publish","type":"product","link":"https:\/\/www.ernstbrunn-apotheke.at\/katalog\/produkt\/alpinamed-safran-kapseln-30-stk\/","title":{"rendered":"Alpinamed Safran Kapseln 30 Stk."},"content":{"rendered":"<p>Alpinamed Safran Kapseln &#8211; F\u00fcr Psyche, Nerven und zur Verringerung von M\u00fcdigkeit und Erm\u00fcdung. Nahrungserg\u00e4nzungsmittel mit Safran- und Kurkumaextrakt f\u00fcr psychische Balance und ein ausgeglichenes Nervensystem. Vitamine und Magnesium tragen zur Verringerung von M\u00fcdigkeit und Erm\u00fcdung bei.<\/p>\n","protected":false},"excerpt":{"rendered":"<p>Alpinamed Safran Kapseln &#8211; F\u00fcr Psyche, Nerven und zur Verringerung von M\u00fcdigkeit und Erm\u00fcdung. Nahrungserg\u00e4nzungsmittel mit Safran- und Kurkumaextrakt f\u00fcr psychische Balance und ein ausgeglichenes Nervensystem. Vitamine und Magnesium tragen zur Verringerung von M\u00fcdigkeit und Erm\u00fcdung bei.<\/p>\n","protected":false},"featured_media":103216,"template":"","meta":{"_acf_changed":false},"product_brand":[366],"product_cat":[801],"product_tag":[],"class_list":{"0":"post-103214","1":"product","2":"type-product","3":"status-publish","4":"has-post-thumbnail","6":"product_brand-alpinamed","7":"product_cat-a","8":"pa_packungsgroesse-30-stueck","10":"first","11":"instock","12":"shipping-taxable","13":"purchasable","14":"product-type-simple"},"acf":[],"_links":{"self":[{"href":"https:\/\/www.ernstbrunn-apotheke.at\/katalog\/wp-json\/wp\/v2\/product\/103214","targetHints":{"allow":["GET"]}}],"collection":[{"href":"https:\/\/www.ernstbrunn-apotheke.at\/katalog\/wp-json\/wp\/v2\/product"}],"about":[{"href":"https:\/\/www.ernstbrunn-apotheke.at\/katalog\/wp-json\/wp\/v2\/types\/product"}],"wp:featuredmedia":[{"embeddable":true,"href":"https:\/\/www.ernstbrunn-apotheke.at\/katalog\/wp-json\/wp\/v2\/media\/103216"}],"wp:attachment":[{"href":"https:\/\/www.ernstbrunn-apotheke.at\/katalog\/wp-json\/wp\/v2\/media?parent=103214"}],"wp:term":[{"taxonomy":"product_brand","embeddable":true,"href":"https:\/\/www.ernstbrunn-apotheke.at\/katalog\/wp-json\/wp\/v2\/product_brand?post=103214"},{"taxonomy":"product_cat","embeddable":true,"href":"https:\/\/www.ernstbrunn-apotheke.at\/katalog\/wp-json\/wp\/v2\/product_cat?post=103214"},{"taxonomy":"product_tag","embeddable":true,"href":"https:\/\/www.ernstbrunn-apotheke.at\/katalog\/wp-json\/wp\/v2\/product_tag?post=103214"}],"curies":[{"name":"wp","href":"https:\/\/api.w.org\/{rel}","templated":true}]}}