{"id":103210,"date":"2025-11-12T14:17:56","date_gmt":"2025-11-12T13:17:56","guid":{"rendered":"https:\/\/www.ernstbrunn-apotheke.at\/katalog\/produkt\/espara-bergamotte-cholin-kapseln-120-stk\/"},"modified":"2025-12-08T21:32:52","modified_gmt":"2025-12-08T20:32:52","slug":"espara-bergamotte-cholin-kapseln-120-stk","status":"publish","type":"product","link":"https:\/\/www.ernstbrunn-apotheke.at\/katalog\/produkt\/espara-bergamotte-cholin-kapseln-120-stk\/","title":{"rendered":"Espara Bergamotte-Cholin Kapseln 120 Stk."},"content":{"rendered":"<p>Espara Bergamotte-Cholin Kapseln ist ein Nahrungserg\u00e4nzungsmittel, welches f\u00fcr ein gesundes Gef\u00e4\u00dfsystem sorgt und zu einem normalen Fett- und Homocysteinstoffwechsel beitr\u00e4gt.<\/p>\n","protected":false},"excerpt":{"rendered":"<p>Espara Bergamotte-Cholin Kapseln ist ein Nahrungserg\u00e4nzungsmittel, welches f\u00fcr ein gesundes Gef\u00e4\u00dfsystem sorgt und zu einem normalen Fett- und Homocysteinstoffwechsel beitr\u00e4gt.<\/p>\n","protected":false},"featured_media":103212,"template":"","meta":{"_acf_changed":false},"product_brand":[383],"product_cat":[794],"product_tag":[],"class_list":{"0":"post-103210","1":"product","2":"type-product","3":"status-publish","4":"has-post-thumbnail","6":"product_brand-espara","7":"product_cat-e","8":"pa_packungsgroesse-120-stueck","10":"first","11":"instock","12":"shipping-taxable","13":"purchasable","14":"product-type-simple"},"acf":[],"_links":{"self":[{"href":"https:\/\/www.ernstbrunn-apotheke.at\/katalog\/wp-json\/wp\/v2\/product\/103210","targetHints":{"allow":["GET"]}}],"collection":[{"href":"https:\/\/www.ernstbrunn-apotheke.at\/katalog\/wp-json\/wp\/v2\/product"}],"about":[{"href":"https:\/\/www.ernstbrunn-apotheke.at\/katalog\/wp-json\/wp\/v2\/types\/product"}],"wp:featuredmedia":[{"embeddable":true,"href":"https:\/\/www.ernstbrunn-apotheke.at\/katalog\/wp-json\/wp\/v2\/media\/103212"}],"wp:attachment":[{"href":"https:\/\/www.ernstbrunn-apotheke.at\/katalog\/wp-json\/wp\/v2\/media?parent=103210"}],"wp:term":[{"taxonomy":"product_brand","embeddable":true,"href":"https:\/\/www.ernstbrunn-apotheke.at\/katalog\/wp-json\/wp\/v2\/product_brand?post=103210"},{"taxonomy":"product_cat","embeddable":true,"href":"https:\/\/www.ernstbrunn-apotheke.at\/katalog\/wp-json\/wp\/v2\/product_cat?post=103210"},{"taxonomy":"product_tag","embeddable":true,"href":"https:\/\/www.ernstbrunn-apotheke.at\/katalog\/wp-json\/wp\/v2\/product_tag?post=103210"}],"curies":[{"name":"wp","href":"https:\/\/api.w.org\/{rel}","templated":true}]}}