{"id":103104,"date":"2025-11-12T14:15:06","date_gmt":"2025-11-12T13:15:06","guid":{"rendered":"https:\/\/www.ernstbrunn-apotheke.at\/katalog\/produkt\/dermasence-polaneth-liquid-75-ml\/"},"modified":"2025-12-08T21:32:13","modified_gmt":"2025-12-08T20:32:13","slug":"dermasence-polaneth-liquid-75-ml","status":"publish","type":"product","link":"https:\/\/www.ernstbrunn-apotheke.at\/katalog\/produkt\/dermasence-polaneth-liquid-75-ml\/","title":{"rendered":"Dermasence Polaneth Liquid 75 ml"},"content":{"rendered":"<p>Das k\u00fchlende Kopfhaut-Tonikum wirkt unmittelbar nach dem Auftragen gegen Juckreiz und Spannungsgef\u00fchle. Der pflanzliche Wirkstoffkomplex stimuliert die hauteigenen Regenerationsprozesse. Das Polaneth Liquid erm\u00f6glicht eine schnelle Wirkung, ohne Auswaschen und lindert sofort Juckreiz, Prickeln und Spannungsgef\u00fchle. Die Hautbarriere wird gest\u00e4rkt, bei t\u00e4glicher Anwendung wird neuem Juckreiz vorgebeugt. Das Liquid klebt und fettet nicht, zieht schnell ein und ist auch f\u00fcr Neurodermitiker und Psoriatiker geeignet.<\/p>\n","protected":false},"excerpt":{"rendered":"<p>Das k\u00fchlende Kopfhaut-Tonikum wirkt unmittelbar nach dem Auftragen gegen Juckreiz und Spannungsgef\u00fchle. Der pflanzliche Wirkstoffkomplex stimuliert die hauteigenen Regenerationsprozesse. Das Polaneth Liquid erm\u00f6glicht eine schnelle Wirkung, ohne Auswaschen und lindert sofort Juckreiz, Prickeln und Spannungsgef\u00fchle. Die Hautbarriere wird gest\u00e4rkt, bei t\u00e4glicher Anwendung wird neuem Juckreiz vorgebeugt. Das Liquid klebt und fettet nicht, zieht schnell ein [&hellip;]<\/p>\n","protected":false},"featured_media":103106,"template":"","meta":{"_acf_changed":false},"product_brand":[680],"product_cat":[792],"product_tag":[],"class_list":{"0":"post-103104","1":"product","2":"type-product","3":"status-publish","4":"has-post-thumbnail","6":"product_brand-dermasence","7":"product_cat-d","8":"pa_packungsgroesse-75ml","10":"first","11":"instock","12":"shipping-taxable","13":"purchasable","14":"product-type-simple"},"acf":[],"_links":{"self":[{"href":"https:\/\/www.ernstbrunn-apotheke.at\/katalog\/wp-json\/wp\/v2\/product\/103104","targetHints":{"allow":["GET"]}}],"collection":[{"href":"https:\/\/www.ernstbrunn-apotheke.at\/katalog\/wp-json\/wp\/v2\/product"}],"about":[{"href":"https:\/\/www.ernstbrunn-apotheke.at\/katalog\/wp-json\/wp\/v2\/types\/product"}],"wp:featuredmedia":[{"embeddable":true,"href":"https:\/\/www.ernstbrunn-apotheke.at\/katalog\/wp-json\/wp\/v2\/media\/103106"}],"wp:attachment":[{"href":"https:\/\/www.ernstbrunn-apotheke.at\/katalog\/wp-json\/wp\/v2\/media?parent=103104"}],"wp:term":[{"taxonomy":"product_brand","embeddable":true,"href":"https:\/\/www.ernstbrunn-apotheke.at\/katalog\/wp-json\/wp\/v2\/product_brand?post=103104"},{"taxonomy":"product_cat","embeddable":true,"href":"https:\/\/www.ernstbrunn-apotheke.at\/katalog\/wp-json\/wp\/v2\/product_cat?post=103104"},{"taxonomy":"product_tag","embeddable":true,"href":"https:\/\/www.ernstbrunn-apotheke.at\/katalog\/wp-json\/wp\/v2\/product_tag?post=103104"}],"curies":[{"name":"wp","href":"https:\/\/api.w.org\/{rel}","templated":true}]}}