{"id":102587,"date":"2025-11-12T14:06:41","date_gmt":"2025-11-12T13:06:41","guid":{"rendered":"https:\/\/www.ernstbrunn-apotheke.at\/katalog\/produkt\/eubos-diabetes-handcreme\/"},"modified":"2025-12-08T21:27:10","modified_gmt":"2025-12-08T20:27:10","slug":"eubos-diabetes-handcreme","status":"publish","type":"product","link":"https:\/\/www.ernstbrunn-apotheke.at\/katalog\/produkt\/eubos-diabetes-handcreme\/","title":{"rendered":"Eubos Diabetes Handcreme"},"content":{"rendered":"<p>Eubos Diabetes Handcreme  ist eine Handcreme speziell ausgelegt f\u00fcr trockene -diabetische Haut. Sie unterst\u00fctzt aktiv Hautreparaturprozesse, sch\u00fctzt vor Zell- und DNA-Sch\u00e4den, revitalisiert und beugt vorzeitiger Faltenbildung vor &#8211; jetzt stark preisgesenkt bestellen!<\/p>\n","protected":false},"excerpt":{"rendered":"<p>Eubos Diabetes Handcreme ist eine Handcreme speziell ausgelegt f\u00fcr trockene -diabetische Haut. Sie unterst\u00fctzt aktiv Hautreparaturprozesse, sch\u00fctzt vor Zell- und DNA-Sch\u00e4den, revitalisiert und beugt vorzeitiger Faltenbildung vor &#8211; jetzt stark preisgesenkt bestellen!<\/p>\n","protected":false},"featured_media":102589,"template":"","meta":{"_acf_changed":false},"product_brand":[694],"product_cat":[794],"product_tag":[],"class_list":{"0":"post-102587","1":"product","2":"type-product","3":"status-publish","4":"has-post-thumbnail","6":"product_brand-eubos","7":"product_cat-e","8":"pa_packungsgroesse-50ml","10":"first","11":"instock","12":"shipping-taxable","13":"purchasable","14":"product-type-simple"},"acf":[],"_links":{"self":[{"href":"https:\/\/www.ernstbrunn-apotheke.at\/katalog\/wp-json\/wp\/v2\/product\/102587","targetHints":{"allow":["GET"]}}],"collection":[{"href":"https:\/\/www.ernstbrunn-apotheke.at\/katalog\/wp-json\/wp\/v2\/product"}],"about":[{"href":"https:\/\/www.ernstbrunn-apotheke.at\/katalog\/wp-json\/wp\/v2\/types\/product"}],"wp:featuredmedia":[{"embeddable":true,"href":"https:\/\/www.ernstbrunn-apotheke.at\/katalog\/wp-json\/wp\/v2\/media\/102589"}],"wp:attachment":[{"href":"https:\/\/www.ernstbrunn-apotheke.at\/katalog\/wp-json\/wp\/v2\/media?parent=102587"}],"wp:term":[{"taxonomy":"product_brand","embeddable":true,"href":"https:\/\/www.ernstbrunn-apotheke.at\/katalog\/wp-json\/wp\/v2\/product_brand?post=102587"},{"taxonomy":"product_cat","embeddable":true,"href":"https:\/\/www.ernstbrunn-apotheke.at\/katalog\/wp-json\/wp\/v2\/product_cat?post=102587"},{"taxonomy":"product_tag","embeddable":true,"href":"https:\/\/www.ernstbrunn-apotheke.at\/katalog\/wp-json\/wp\/v2\/product_tag?post=102587"}],"curies":[{"name":"wp","href":"https:\/\/api.w.org\/{rel}","templated":true}]}}