{"id":10257,"date":"2025-11-07T14:13:16","date_gmt":"2025-11-07T13:13:16","guid":{"rendered":"https:\/\/www.ernstbrunn-apotheke.at\/katalog\/produkt\/kenrico-pflaster-10-stk-zimt-wrx-2i\/"},"modified":"2025-12-08T13:29:10","modified_gmt":"2025-12-08T12:29:10","slug":"kenrico-pflaster-10-stk-zimt-wrx-2i","status":"publish","type":"product","link":"https:\/\/www.ernstbrunn-apotheke.at\/katalog\/produkt\/kenrico-pflaster-10-stk-zimt-wrx-2i\/","title":{"rendered":"Kenrico Pflaster 10 Stk. Zimt Wrx-2i"},"content":{"rendered":"<p>Jede Sorte der Kenrico\u00ae Kr\u00e4uterpflaster wurde f\u00fcr spezielle Anwendungsgebiete entwickelt, enth\u00e4lt eine patentierte Rezeptur und dient weltweit Millionen Kunden zur alternativen Unterst\u00fctzung der k\u00f6rperlichen Gesundheit. Die Kenrico\u00ae Kr\u00e4uterpflaster f\u00f6rdern die Entgiftung, Durchblutung, Entspannung und Leitf\u00e4higkeit mittels Infrarot und Negativ-Ionen. Dies geschieht durch den hohen Anteil an Wassermelonen-Turmalin \u2013 jetzt online bestellen und bares Geld sparen*!<\/p>\n","protected":false},"excerpt":{"rendered":"<p>Jede Sorte der Kenrico\u00ae Kr\u00e4uterpflaster wurde f\u00fcr spezielle Anwendungsgebiete entwickelt, enth\u00e4lt eine patentierte Rezeptur und dient weltweit Millionen Kunden zur alternativen Unterst\u00fctzung der k\u00f6rperlichen Gesundheit. Die Kenrico\u00ae Kr\u00e4uterpflaster f\u00f6rdern die Entgiftung, Durchblutung, Entspannung und Leitf\u00e4higkeit mittels Infrarot und Negativ-Ionen. Dies geschieht durch den hohen Anteil an Wassermelonen-Turmalin \u2013 jetzt online bestellen und bares Geld sparen*!<\/p>\n","protected":false},"featured_media":10259,"template":"","meta":{"_acf_changed":false},"product_brand":[],"product_cat":[807],"product_tag":[],"class_list":{"0":"post-10257","1":"product","2":"type-product","3":"status-publish","4":"has-post-thumbnail","6":"product_cat-k","7":"pa_packungsgroesse-10-stueck","9":"first","10":"instock","11":"shipping-taxable","12":"purchasable","13":"product-type-simple"},"acf":[],"_links":{"self":[{"href":"https:\/\/www.ernstbrunn-apotheke.at\/katalog\/wp-json\/wp\/v2\/product\/10257","targetHints":{"allow":["GET"]}}],"collection":[{"href":"https:\/\/www.ernstbrunn-apotheke.at\/katalog\/wp-json\/wp\/v2\/product"}],"about":[{"href":"https:\/\/www.ernstbrunn-apotheke.at\/katalog\/wp-json\/wp\/v2\/types\/product"}],"wp:featuredmedia":[{"embeddable":true,"href":"https:\/\/www.ernstbrunn-apotheke.at\/katalog\/wp-json\/wp\/v2\/media\/10259"}],"wp:attachment":[{"href":"https:\/\/www.ernstbrunn-apotheke.at\/katalog\/wp-json\/wp\/v2\/media?parent=10257"}],"wp:term":[{"taxonomy":"product_brand","embeddable":true,"href":"https:\/\/www.ernstbrunn-apotheke.at\/katalog\/wp-json\/wp\/v2\/product_brand?post=10257"},{"taxonomy":"product_cat","embeddable":true,"href":"https:\/\/www.ernstbrunn-apotheke.at\/katalog\/wp-json\/wp\/v2\/product_cat?post=10257"},{"taxonomy":"product_tag","embeddable":true,"href":"https:\/\/www.ernstbrunn-apotheke.at\/katalog\/wp-json\/wp\/v2\/product_tag?post=10257"}],"curies":[{"name":"wp","href":"https:\/\/api.w.org\/{rel}","templated":true}]}}