{"id":10247,"date":"2025-11-07T14:13:16","date_gmt":"2025-11-07T13:13:16","guid":{"rendered":"https:\/\/www.ernstbrunn-apotheke.at\/katalog\/produkt\/espara-zimt-nopal-kapseln-60-stk\/"},"modified":"2025-12-08T13:29:09","modified_gmt":"2025-12-08T12:29:09","slug":"espara-zimt-nopal-kapseln-60-stk","status":"publish","type":"product","link":"https:\/\/www.ernstbrunn-apotheke.at\/katalog\/produkt\/espara-zimt-nopal-kapseln-60-stk\/","title":{"rendered":"Espara Zimt-Nopal Kapseln 60 Stk."},"content":{"rendered":"<p>Nahrungserg\u00e4nzungsmittel mit Zimt und Nopal-Kaktus (Opuntia, Feigenkaktus) in Kombination mit alpha-Lipons\u00e4ure, Vitamin E und Mineralstoffen (Zink, Chrom). Zink tr\u00e4gt zu einem normalen Kohlenhydratstoffwechsel bei und Chrom unterst\u00fctzt die Erhaltung eines normalen Blutzuckerspiegels. Vitamin E tr\u00e4gt dazu bei, die Zellen vor oxidativem Stress zu sch\u00fctzen.<\/p>\n","protected":false},"excerpt":{"rendered":"<p>Nahrungserg\u00e4nzungsmittel mit Zimt und Nopal-Kaktus (Opuntia, Feigenkaktus) in Kombination mit alpha-Lipons\u00e4ure, Vitamin E und Mineralstoffen (Zink, Chrom). Zink tr\u00e4gt zu einem normalen Kohlenhydratstoffwechsel bei und Chrom unterst\u00fctzt die Erhaltung eines normalen Blutzuckerspiegels. Vitamin E tr\u00e4gt dazu bei, die Zellen vor oxidativem Stress zu sch\u00fctzen.<\/p>\n","protected":false},"featured_media":10249,"template":"","meta":{"_acf_changed":false},"product_brand":[383],"product_cat":[794],"product_tag":[],"class_list":{"0":"post-10247","1":"product","2":"type-product","3":"status-publish","4":"has-post-thumbnail","6":"product_brand-espara","7":"product_cat-e","8":"pa_packungsgroesse-60-stueck","10":"first","11":"instock","12":"shipping-taxable","13":"purchasable","14":"product-type-simple"},"acf":[],"_links":{"self":[{"href":"https:\/\/www.ernstbrunn-apotheke.at\/katalog\/wp-json\/wp\/v2\/product\/10247","targetHints":{"allow":["GET"]}}],"collection":[{"href":"https:\/\/www.ernstbrunn-apotheke.at\/katalog\/wp-json\/wp\/v2\/product"}],"about":[{"href":"https:\/\/www.ernstbrunn-apotheke.at\/katalog\/wp-json\/wp\/v2\/types\/product"}],"wp:featuredmedia":[{"embeddable":true,"href":"https:\/\/www.ernstbrunn-apotheke.at\/katalog\/wp-json\/wp\/v2\/media\/10249"}],"wp:attachment":[{"href":"https:\/\/www.ernstbrunn-apotheke.at\/katalog\/wp-json\/wp\/v2\/media?parent=10247"}],"wp:term":[{"taxonomy":"product_brand","embeddable":true,"href":"https:\/\/www.ernstbrunn-apotheke.at\/katalog\/wp-json\/wp\/v2\/product_brand?post=10247"},{"taxonomy":"product_cat","embeddable":true,"href":"https:\/\/www.ernstbrunn-apotheke.at\/katalog\/wp-json\/wp\/v2\/product_cat?post=10247"},{"taxonomy":"product_tag","embeddable":true,"href":"https:\/\/www.ernstbrunn-apotheke.at\/katalog\/wp-json\/wp\/v2\/product_tag?post=10247"}],"curies":[{"name":"wp","href":"https:\/\/api.w.org\/{rel}","templated":true}]}}