{"id":10217,"date":"2025-11-07T14:12:30","date_gmt":"2025-11-07T13:12:30","guid":{"rendered":"https:\/\/www.ernstbrunn-apotheke.at\/katalog\/produkt\/curcuma-kapseln-500-mg-extrakt-60-stk\/"},"modified":"2025-12-08T13:29:07","modified_gmt":"2025-12-08T12:29:07","slug":"curcuma-kapseln-500-mg-extrakt-60-stk","status":"publish","type":"product","link":"https:\/\/www.ernstbrunn-apotheke.at\/katalog\/produkt\/curcuma-kapseln-500-mg-extrakt-60-stk\/","title":{"rendered":"Curcuma Kapseln 500 mg Extrakt 60 Stk."},"content":{"rendered":"<p>Curcuma Kapseln 500 mg Extrakt enthalten einen standardisierten Extrakt mit 95 % Curcuminanteil. Unz\u00e4hlige Studien weltweit besch\u00e4ftigen sich mit dem Einfluss von Curcumin auf Diabetes, Alzheimer, Arthritis, diverse Krebsformen, \u00dcbergewicht, Darmentz\u00fcndungen und diverse Hautleiden. Das antivirale, antibakterielle, antioxidative und entz\u00fcndungshemmende Potential von Curcumin gilt als gesichert.<\/p>\n","protected":false},"excerpt":{"rendered":"<p>Curcuma Kapseln 500 mg Extrakt enthalten einen standardisierten Extrakt mit 95 % Curcuminanteil. Unz\u00e4hlige Studien weltweit besch\u00e4ftigen sich mit dem Einfluss von Curcumin auf Diabetes, Alzheimer, Arthritis, diverse Krebsformen, \u00dcbergewicht, Darmentz\u00fcndungen und diverse Hautleiden. Das antivirale, antibakterielle, antioxidative und entz\u00fcndungshemmende Potential von Curcumin gilt als gesichert.<\/p>\n","protected":false},"featured_media":10219,"template":"","meta":{"_acf_changed":false},"product_brand":[],"product_cat":[812],"product_tag":[],"class_list":{"0":"post-10217","1":"product","2":"type-product","3":"status-publish","4":"has-post-thumbnail","6":"product_cat-c","7":"pa_packungsgroesse-60-stueck","9":"first","10":"instock","11":"shipping-taxable","12":"purchasable","13":"product-type-simple"},"acf":[],"_links":{"self":[{"href":"https:\/\/www.ernstbrunn-apotheke.at\/katalog\/wp-json\/wp\/v2\/product\/10217","targetHints":{"allow":["GET"]}}],"collection":[{"href":"https:\/\/www.ernstbrunn-apotheke.at\/katalog\/wp-json\/wp\/v2\/product"}],"about":[{"href":"https:\/\/www.ernstbrunn-apotheke.at\/katalog\/wp-json\/wp\/v2\/types\/product"}],"wp:featuredmedia":[{"embeddable":true,"href":"https:\/\/www.ernstbrunn-apotheke.at\/katalog\/wp-json\/wp\/v2\/media\/10219"}],"wp:attachment":[{"href":"https:\/\/www.ernstbrunn-apotheke.at\/katalog\/wp-json\/wp\/v2\/media?parent=10217"}],"wp:term":[{"taxonomy":"product_brand","embeddable":true,"href":"https:\/\/www.ernstbrunn-apotheke.at\/katalog\/wp-json\/wp\/v2\/product_brand?post=10217"},{"taxonomy":"product_cat","embeddable":true,"href":"https:\/\/www.ernstbrunn-apotheke.at\/katalog\/wp-json\/wp\/v2\/product_cat?post=10217"},{"taxonomy":"product_tag","embeddable":true,"href":"https:\/\/www.ernstbrunn-apotheke.at\/katalog\/wp-json\/wp\/v2\/product_tag?post=10217"}],"curies":[{"name":"wp","href":"https:\/\/api.w.org\/{rel}","templated":true}]}}