{"id":10192,"date":"2025-11-07T14:11:46","date_gmt":"2025-11-07T13:11:46","guid":{"rendered":"https:\/\/www.ernstbrunn-apotheke.at\/katalog\/produkt\/diamed-zimtkapseln-30-stk\/"},"modified":"2025-12-08T13:29:40","modified_gmt":"2025-12-08T12:29:40","slug":"diamed-zimtkapseln-30-stk","status":"publish","type":"product","link":"https:\/\/www.ernstbrunn-apotheke.at\/katalog\/produkt\/diamed-zimtkapseln-30-stk\/","title":{"rendered":"Diamed Zimtkapseln 30 Stk."},"content":{"rendered":"<p>Diamed Zimtkapseln wirken sich positiv bei einer St\u00f6rung des Zuckerstoffwechsels aus und wirken zudem unterst\u00fctzend als Behandlung im Rahmen eines Di\u00e4tplanes bei Diabetes mellitus. Die spezielle Zusammensetzung tr\u00e4gt dazu bei, den Blutzuckerspiegel zu senken.<\/p>\n","protected":false},"excerpt":{"rendered":"<p>Diamed Zimtkapseln wirken sich positiv bei einer St\u00f6rung des Zuckerstoffwechsels aus und wirken zudem unterst\u00fctzend als Behandlung im Rahmen eines Di\u00e4tplanes bei Diabetes mellitus. Die spezielle Zusammensetzung tr\u00e4gt dazu bei, den Blutzuckerspiegel zu senken.<\/p>\n","protected":false},"featured_media":10194,"template":"","meta":{"_acf_changed":false},"product_brand":[],"product_cat":[792],"product_tag":[],"class_list":{"0":"post-10192","1":"product","2":"type-product","3":"status-publish","4":"has-post-thumbnail","6":"product_cat-d","7":"pa_packungsgroesse-30-stueck","8":"pa_packungsgroesse-90-stueck","10":"first","11":"instock","12":"shipping-taxable","13":"purchasable","14":"product-type-variable"},"acf":[],"_links":{"self":[{"href":"https:\/\/www.ernstbrunn-apotheke.at\/katalog\/wp-json\/wp\/v2\/product\/10192","targetHints":{"allow":["GET"]}}],"collection":[{"href":"https:\/\/www.ernstbrunn-apotheke.at\/katalog\/wp-json\/wp\/v2\/product"}],"about":[{"href":"https:\/\/www.ernstbrunn-apotheke.at\/katalog\/wp-json\/wp\/v2\/types\/product"}],"wp:featuredmedia":[{"embeddable":true,"href":"https:\/\/www.ernstbrunn-apotheke.at\/katalog\/wp-json\/wp\/v2\/media\/10194"}],"wp:attachment":[{"href":"https:\/\/www.ernstbrunn-apotheke.at\/katalog\/wp-json\/wp\/v2\/media?parent=10192"}],"wp:term":[{"taxonomy":"product_brand","embeddable":true,"href":"https:\/\/www.ernstbrunn-apotheke.at\/katalog\/wp-json\/wp\/v2\/product_brand?post=10192"},{"taxonomy":"product_cat","embeddable":true,"href":"https:\/\/www.ernstbrunn-apotheke.at\/katalog\/wp-json\/wp\/v2\/product_cat?post=10192"},{"taxonomy":"product_tag","embeddable":true,"href":"https:\/\/www.ernstbrunn-apotheke.at\/katalog\/wp-json\/wp\/v2\/product_tag?post=10192"}],"curies":[{"name":"wp","href":"https:\/\/api.w.org\/{rel}","templated":true}]}}