{"id":101475,"date":"2025-11-12T13:43:47","date_gmt":"2025-11-12T12:43:47","guid":{"rendered":"https:\/\/www.ernstbrunn-apotheke.at\/katalog\/produkt\/physiogel-daily-moisture-therapy-intensiv-creme-150-ml\/"},"modified":"2025-12-08T21:18:53","modified_gmt":"2025-12-08T20:18:53","slug":"physiogel-daily-moisture-therapy-intensiv-creme-150-ml","status":"publish","type":"product","link":"https:\/\/www.ernstbrunn-apotheke.at\/katalog\/produkt\/physiogel-daily-moisture-therapy-intensiv-creme-150-ml\/","title":{"rendered":"PHYSIOGEL Daily Moisture Therapy Intensiv Creme 150 ml"},"content":{"rendered":"<p>Die PHYSIOGEL Daily Moisture Therapy Intensiv Creme bietet speziell f\u00fcr trockene Haut eine intensive Pflege. Sie n\u00e4hrt die Haut intensiv und vermindert Spannungsgef\u00fchle. Die Intensiv Creme pflegt beanspruchte Haut am ganzen K\u00f6rper mit dem 3-fach Effekt: sie spendet intensiv Feuchtigkeit, repariert und regeneriert.<\/p>\n<p>&#13;<\/p>\n","protected":false},"excerpt":{"rendered":"<p>Die PHYSIOGEL Daily Moisture Therapy Intensiv Creme bietet speziell f\u00fcr trockene Haut eine intensive Pflege. Sie n\u00e4hrt die Haut intensiv und vermindert Spannungsgef\u00fchle. Die Intensiv Creme pflegt beanspruchte Haut am ganzen K\u00f6rper mit dem 3-fach Effekt: sie spendet intensiv Feuchtigkeit, repariert und regeneriert. &#13;<\/p>\n","protected":false},"featured_media":101477,"template":"","meta":{"_acf_changed":false},"product_brand":[726],"product_cat":[793],"product_tag":[],"class_list":{"0":"post-101475","1":"product","2":"type-product","3":"status-publish","4":"has-post-thumbnail","6":"product_brand-physiogel","7":"product_cat-p","8":"pa_packungsgroesse-150ml","10":"first","11":"instock","12":"shipping-taxable","13":"purchasable","14":"product-type-simple"},"acf":[],"_links":{"self":[{"href":"https:\/\/www.ernstbrunn-apotheke.at\/katalog\/wp-json\/wp\/v2\/product\/101475","targetHints":{"allow":["GET"]}}],"collection":[{"href":"https:\/\/www.ernstbrunn-apotheke.at\/katalog\/wp-json\/wp\/v2\/product"}],"about":[{"href":"https:\/\/www.ernstbrunn-apotheke.at\/katalog\/wp-json\/wp\/v2\/types\/product"}],"wp:featuredmedia":[{"embeddable":true,"href":"https:\/\/www.ernstbrunn-apotheke.at\/katalog\/wp-json\/wp\/v2\/media\/101477"}],"wp:attachment":[{"href":"https:\/\/www.ernstbrunn-apotheke.at\/katalog\/wp-json\/wp\/v2\/media?parent=101475"}],"wp:term":[{"taxonomy":"product_brand","embeddable":true,"href":"https:\/\/www.ernstbrunn-apotheke.at\/katalog\/wp-json\/wp\/v2\/product_brand?post=101475"},{"taxonomy":"product_cat","embeddable":true,"href":"https:\/\/www.ernstbrunn-apotheke.at\/katalog\/wp-json\/wp\/v2\/product_cat?post=101475"},{"taxonomy":"product_tag","embeddable":true,"href":"https:\/\/www.ernstbrunn-apotheke.at\/katalog\/wp-json\/wp\/v2\/product_tag?post=101475"}],"curies":[{"name":"wp","href":"https:\/\/api.w.org\/{rel}","templated":true}]}}