{"id":101456,"date":"2025-11-12T13:43:47","date_gmt":"2025-11-12T12:43:47","guid":{"rendered":"https:\/\/www.ernstbrunn-apotheke.at\/katalog\/produkt\/la-roche-posay-anthelios-milch-lsf-30-eco-tube\/"},"modified":"2025-12-08T21:18:46","modified_gmt":"2025-12-08T20:18:46","slug":"la-roche-posay-anthelios-milch-lsf-30-eco-tube","status":"publish","type":"product","link":"https:\/\/www.ernstbrunn-apotheke.at\/katalog\/produkt\/la-roche-posay-anthelios-milch-lsf-30-eco-tube\/","title":{"rendered":"La Roche-Posay Anthelios Milch LSF 30 Eco-Tube"},"content":{"rendered":"<p>Die Anthelios Sonnenpflege Milch LSF 30 f\u00fcr den K\u00f6rper mit der innovativen Filter-Technologie Mexoplex bietet einen h\u00f6heren UVA-Schutz als die Mindestempfehlung der EU. Zus\u00e4tzlich enth\u00e4lt die Anthelios Sonnenpflege Milch LSF 30 noch hautberuhigendes Thermalwasser aus La Roche-Posay.<\/p>\n","protected":false},"excerpt":{"rendered":"<p>Die Anthelios Sonnenpflege Milch LSF 30 f\u00fcr den K\u00f6rper mit der innovativen Filter-Technologie Mexoplex bietet einen h\u00f6heren UVA-Schutz als die Mindestempfehlung der EU. Zus\u00e4tzlich enth\u00e4lt die Anthelios Sonnenpflege Milch LSF 30 noch hautberuhigendes Thermalwasser aus La Roche-Posay.<\/p>\n","protected":false},"featured_media":101458,"template":"","meta":{"_acf_changed":false},"product_brand":[677],"product_cat":[795],"product_tag":[],"class_list":{"0":"post-101456","1":"product","2":"type-product","3":"status-publish","4":"has-post-thumbnail","6":"product_brand-la-roche-posay","7":"product_cat-l","8":"pa_packungsgroesse-250ml","10":"first","11":"instock","12":"shipping-taxable","13":"purchasable","14":"product-type-simple"},"acf":[],"_links":{"self":[{"href":"https:\/\/www.ernstbrunn-apotheke.at\/katalog\/wp-json\/wp\/v2\/product\/101456","targetHints":{"allow":["GET"]}}],"collection":[{"href":"https:\/\/www.ernstbrunn-apotheke.at\/katalog\/wp-json\/wp\/v2\/product"}],"about":[{"href":"https:\/\/www.ernstbrunn-apotheke.at\/katalog\/wp-json\/wp\/v2\/types\/product"}],"wp:featuredmedia":[{"embeddable":true,"href":"https:\/\/www.ernstbrunn-apotheke.at\/katalog\/wp-json\/wp\/v2\/media\/101458"}],"wp:attachment":[{"href":"https:\/\/www.ernstbrunn-apotheke.at\/katalog\/wp-json\/wp\/v2\/media?parent=101456"}],"wp:term":[{"taxonomy":"product_brand","embeddable":true,"href":"https:\/\/www.ernstbrunn-apotheke.at\/katalog\/wp-json\/wp\/v2\/product_brand?post=101456"},{"taxonomy":"product_cat","embeddable":true,"href":"https:\/\/www.ernstbrunn-apotheke.at\/katalog\/wp-json\/wp\/v2\/product_cat?post=101456"},{"taxonomy":"product_tag","embeddable":true,"href":"https:\/\/www.ernstbrunn-apotheke.at\/katalog\/wp-json\/wp\/v2\/product_tag?post=101456"}],"curies":[{"name":"wp","href":"https:\/\/api.w.org\/{rel}","templated":true}]}}