{"id":101324,"date":"2025-11-12T13:35:36","date_gmt":"2025-11-12T12:35:36","guid":{"rendered":"https:\/\/www.ernstbrunn-apotheke.at\/katalog\/produkt\/deflagyn-applikations-set-84-stk\/"},"modified":"2025-12-08T21:17:54","modified_gmt":"2025-12-08T20:17:54","slug":"deflagyn-applikations-set-84-stk","status":"publish","type":"product","link":"https:\/\/www.ernstbrunn-apotheke.at\/katalog\/produkt\/deflagyn-applikations-set-84-stk\/","title":{"rendered":"DeflaGyn Applikations-Set 84 Stk."},"content":{"rendered":"<p>Unklarer PAP-Befund? PAP III oder PAP IID? Wiederholung des Abstrichs in 3 \u2013 6 Monaten? DeflaGyn\u00ae Vaginalgel wurde eigens zur \u00dcberbr\u00fcckung dieser Wartezeit entwickelt. DeflaGyn\u00ae kann zur Verbesserung unklarer Zervixabstriche beitragen und ist sehr gut vertr\u00e4glich. Die einzigartige Wirkstoffkombination aus Siliziumdioxid, Natriumselenit und Zitronens\u00e4ure bindet Krankheitserreger, hemmt deren Ausbreitung und f\u00f6rdert den antioxidativen Schutz.<\/p>\n","protected":false},"excerpt":{"rendered":"<p>Unklarer PAP-Befund? PAP III oder PAP IID? Wiederholung des Abstrichs in 3 \u2013 6 Monaten? DeflaGyn\u00ae Vaginalgel wurde eigens zur \u00dcberbr\u00fcckung dieser Wartezeit entwickelt. DeflaGyn\u00ae kann zur Verbesserung unklarer Zervixabstriche beitragen und ist sehr gut vertr\u00e4glich. Die einzigartige Wirkstoffkombination aus Siliziumdioxid, Natriumselenit und Zitronens\u00e4ure bindet Krankheitserreger, hemmt deren Ausbreitung und f\u00f6rdert den antioxidativen Schutz.<\/p>\n","protected":false},"featured_media":101326,"template":"","meta":{"_acf_changed":false},"product_brand":[],"product_cat":[792],"product_tag":[],"class_list":{"0":"post-101324","1":"product","2":"type-product","3":"status-publish","4":"has-post-thumbnail","6":"product_cat-d","7":"pa_packungsgroesse-450ml","9":"first","10":"instock","11":"shipping-taxable","12":"purchasable","13":"product-type-simple"},"acf":[],"_links":{"self":[{"href":"https:\/\/www.ernstbrunn-apotheke.at\/katalog\/wp-json\/wp\/v2\/product\/101324","targetHints":{"allow":["GET"]}}],"collection":[{"href":"https:\/\/www.ernstbrunn-apotheke.at\/katalog\/wp-json\/wp\/v2\/product"}],"about":[{"href":"https:\/\/www.ernstbrunn-apotheke.at\/katalog\/wp-json\/wp\/v2\/types\/product"}],"wp:featuredmedia":[{"embeddable":true,"href":"https:\/\/www.ernstbrunn-apotheke.at\/katalog\/wp-json\/wp\/v2\/media\/101326"}],"wp:attachment":[{"href":"https:\/\/www.ernstbrunn-apotheke.at\/katalog\/wp-json\/wp\/v2\/media?parent=101324"}],"wp:term":[{"taxonomy":"product_brand","embeddable":true,"href":"https:\/\/www.ernstbrunn-apotheke.at\/katalog\/wp-json\/wp\/v2\/product_brand?post=101324"},{"taxonomy":"product_cat","embeddable":true,"href":"https:\/\/www.ernstbrunn-apotheke.at\/katalog\/wp-json\/wp\/v2\/product_cat?post=101324"},{"taxonomy":"product_tag","embeddable":true,"href":"https:\/\/www.ernstbrunn-apotheke.at\/katalog\/wp-json\/wp\/v2\/product_tag?post=101324"}],"curies":[{"name":"wp","href":"https:\/\/api.w.org\/{rel}","templated":true}]}}