{"id":101245,"date":"2025-11-12T13:33:46","date_gmt":"2025-11-12T12:33:46","guid":{"rendered":"https:\/\/www.ernstbrunn-apotheke.at\/katalog\/produkt\/xlash-eyeliner-black-1-stk\/"},"modified":"2025-12-08T21:17:39","modified_gmt":"2025-12-08T20:17:39","slug":"xlash-eyeliner-black-1-stk","status":"publish","type":"product","link":"https:\/\/www.ernstbrunn-apotheke.at\/katalog\/produkt\/xlash-eyeliner-black-1-stk\/","title":{"rendered":"Xlash Eyeliner Black 1 Stk."},"content":{"rendered":"<p>Der Xlash Eyeliner ist vielseitig einsetzbar: tags\u00fcber und abends, f\u00fcr einen minimalistischen oder einen dramatischen Look. Durch die spezielle Formel verschmiert er nicht. Er wird mithilfe eines Filz-Applikators aufgetragen, der ein exaktes Auftragen in Sekundenschnelle erm\u00f6glicht. Schonend f\u00fcr die Haut und lang anhaltend. Der Xlash Eyeliner l\u00e4sst sich leicht mit Wasser entfernen.<\/p>\n","protected":false},"excerpt":{"rendered":"<p>Der Xlash Eyeliner ist vielseitig einsetzbar: tags\u00fcber und abends, f\u00fcr einen minimalistischen oder einen dramatischen Look. Durch die spezielle Formel verschmiert er nicht. Er wird mithilfe eines Filz-Applikators aufgetragen, der ein exaktes Auftragen in Sekundenschnelle erm\u00f6glicht. Schonend f\u00fcr die Haut und lang anhaltend. Der Xlash Eyeliner l\u00e4sst sich leicht mit Wasser entfernen.<\/p>\n","protected":false},"featured_media":101247,"template":"","meta":{"_acf_changed":false},"product_brand":[],"product_cat":[950],"product_tag":[],"class_list":{"0":"post-101245","1":"product","2":"type-product","3":"status-publish","4":"has-post-thumbnail","6":"product_cat-x","7":"pa_packungsgroesse-1-stueck","9":"first","10":"instock","11":"shipping-taxable","12":"purchasable","13":"product-type-simple"},"acf":[],"_links":{"self":[{"href":"https:\/\/www.ernstbrunn-apotheke.at\/katalog\/wp-json\/wp\/v2\/product\/101245","targetHints":{"allow":["GET"]}}],"collection":[{"href":"https:\/\/www.ernstbrunn-apotheke.at\/katalog\/wp-json\/wp\/v2\/product"}],"about":[{"href":"https:\/\/www.ernstbrunn-apotheke.at\/katalog\/wp-json\/wp\/v2\/types\/product"}],"wp:featuredmedia":[{"embeddable":true,"href":"https:\/\/www.ernstbrunn-apotheke.at\/katalog\/wp-json\/wp\/v2\/media\/101247"}],"wp:attachment":[{"href":"https:\/\/www.ernstbrunn-apotheke.at\/katalog\/wp-json\/wp\/v2\/media?parent=101245"}],"wp:term":[{"taxonomy":"product_brand","embeddable":true,"href":"https:\/\/www.ernstbrunn-apotheke.at\/katalog\/wp-json\/wp\/v2\/product_brand?post=101245"},{"taxonomy":"product_cat","embeddable":true,"href":"https:\/\/www.ernstbrunn-apotheke.at\/katalog\/wp-json\/wp\/v2\/product_cat?post=101245"},{"taxonomy":"product_tag","embeddable":true,"href":"https:\/\/www.ernstbrunn-apotheke.at\/katalog\/wp-json\/wp\/v2\/product_tag?post=101245"}],"curies":[{"name":"wp","href":"https:\/\/api.w.org\/{rel}","templated":true}]}}