{"id":101238,"date":"2025-11-12T13:33:46","date_gmt":"2025-11-12T12:33:46","guid":{"rendered":"https:\/\/www.ernstbrunn-apotheke.at\/katalog\/produkt\/xlips-lip-plumper-6-ml\/"},"modified":"2025-12-08T21:17:38","modified_gmt":"2025-12-08T20:17:38","slug":"xlips-lip-plumper-6-ml","status":"publish","type":"product","link":"https:\/\/www.ernstbrunn-apotheke.at\/katalog\/produkt\/xlips-lip-plumper-6-ml\/","title":{"rendered":"Xlips Lip Plumper 6 ml"},"content":{"rendered":"<p>Der Xlips Lip Plumper ist ein revolution\u00e4res Lippenpflegeprodukt mit vergr\u00f6\u00dferndem Lippenbooster \u2013 Effekt. Das Lippenbalsam vermindert merklich Falten, macht die Lippen weich und definiert ihre Form. Das Balsam vergr\u00f6\u00dfert die Lippen sofort und verleiht ihnen eine hellere Farbe, Dank der Mischung aus Hyalurons\u00e4ure, Extrakten aus Pflanzenstammzellen und Peptiden. Das Produkt hat eine herrliche Konsistenz, schmeckt nach nichts und riecht nicht. Es zieht schnell ein und hinterl\u00e4sst einen zarten, gl\u00e4nzenden Feuchtigkeitsfilm, der den Lippen wohltut und mehrere Stunden anh\u00e4lt. Xlips Lip Plumper ist das ideale Produkt f\u00fcr zu Hause, um die Ergebnisse einer professionellen Lippenbehandlung zu verl\u00e4ngern und beizubehalten &#8211; wir f\u00fchren alle Produkte von Xlash zu Sonderpreisen!<\/p>\n","protected":false},"excerpt":{"rendered":"<p>Der Xlips Lip Plumper ist ein revolution\u00e4res Lippenpflegeprodukt mit vergr\u00f6\u00dferndem Lippenbooster \u2013 Effekt. Das Lippenbalsam vermindert merklich Falten, macht die Lippen weich und definiert ihre Form. Das Balsam vergr\u00f6\u00dfert die Lippen sofort und verleiht ihnen eine hellere Farbe, Dank der Mischung aus Hyalurons\u00e4ure, Extrakten aus Pflanzenstammzellen und Peptiden. Das Produkt hat eine herrliche Konsistenz, schmeckt [&hellip;]<\/p>\n","protected":false},"featured_media":101240,"template":"","meta":{"_acf_changed":false},"product_brand":[],"product_cat":[950],"product_tag":[],"class_list":{"0":"post-101238","1":"product","2":"type-product","3":"status-publish","4":"has-post-thumbnail","6":"product_cat-x","7":"pa_packungsgroesse-6ml","9":"first","10":"instock","11":"shipping-taxable","12":"purchasable","13":"product-type-simple"},"acf":[],"_links":{"self":[{"href":"https:\/\/www.ernstbrunn-apotheke.at\/katalog\/wp-json\/wp\/v2\/product\/101238","targetHints":{"allow":["GET"]}}],"collection":[{"href":"https:\/\/www.ernstbrunn-apotheke.at\/katalog\/wp-json\/wp\/v2\/product"}],"about":[{"href":"https:\/\/www.ernstbrunn-apotheke.at\/katalog\/wp-json\/wp\/v2\/types\/product"}],"wp:featuredmedia":[{"embeddable":true,"href":"https:\/\/www.ernstbrunn-apotheke.at\/katalog\/wp-json\/wp\/v2\/media\/101240"}],"wp:attachment":[{"href":"https:\/\/www.ernstbrunn-apotheke.at\/katalog\/wp-json\/wp\/v2\/media?parent=101238"}],"wp:term":[{"taxonomy":"product_brand","embeddable":true,"href":"https:\/\/www.ernstbrunn-apotheke.at\/katalog\/wp-json\/wp\/v2\/product_brand?post=101238"},{"taxonomy":"product_cat","embeddable":true,"href":"https:\/\/www.ernstbrunn-apotheke.at\/katalog\/wp-json\/wp\/v2\/product_cat?post=101238"},{"taxonomy":"product_tag","embeddable":true,"href":"https:\/\/www.ernstbrunn-apotheke.at\/katalog\/wp-json\/wp\/v2\/product_tag?post=101238"}],"curies":[{"name":"wp","href":"https:\/\/api.w.org\/{rel}","templated":true}]}}