{"id":10123,"date":"2025-11-07T14:11:04","date_gmt":"2025-11-07T13:11:04","guid":{"rendered":"https:\/\/www.ernstbrunn-apotheke.at\/katalog\/produkt\/coccinia-d-kapseln-60-stk\/"},"modified":"2025-12-08T13:28:58","modified_gmt":"2025-12-08T12:28:58","slug":"coccinia-d-kapseln-60-stk","status":"publish","type":"product","link":"https:\/\/www.ernstbrunn-apotheke.at\/katalog\/produkt\/coccinia-d-kapseln-60-stk\/","title":{"rendered":"Coccinia D Kapseln 60 Stk."},"content":{"rendered":"<p class=\"MsoNormal\">Di\u00e4tetisches Lebensmittel f\u00fcr besondere medizinische Zwecke <\/p>\n<p class=\"MsoNormal\">* Zur di\u00e4tetischen Behandlung von Diabetes mellitus unddessen Sp\u00e4tfolgen!<\/p>\n<p class=\"MsoNormal\">* Reguliert den Blutzuckerspiegel auf nat\u00fcrliche Weise<\/p>\n<p class=\"MsoNormal\">* Verbessert die Blutfettwerte<\/p>\n<p class=\"MsoNormal\">* Hilft bei der glyk\u00e4mischen Kontrolle<\/p>\n<p>* Mit Coccinia Indica &amp; Vitamin D3!<\/p>\n","protected":false},"excerpt":{"rendered":"<p>Di\u00e4tetisches Lebensmittel f\u00fcr besondere medizinische Zwecke * Zur di\u00e4tetischen Behandlung von Diabetes mellitus unddessen Sp\u00e4tfolgen! * Reguliert den Blutzuckerspiegel auf nat\u00fcrliche Weise * Verbessert die Blutfettwerte * Hilft bei der glyk\u00e4mischen Kontrolle * Mit Coccinia Indica &amp; Vitamin D3!<\/p>\n","protected":false},"featured_media":10125,"template":"","meta":{"_acf_changed":false},"product_brand":[],"product_cat":[812],"product_tag":[],"class_list":{"0":"post-10123","1":"product","2":"type-product","3":"status-publish","4":"has-post-thumbnail","6":"product_cat-c","7":"pa_packungsgroesse-60-stueck","9":"first","10":"instock","11":"shipping-taxable","12":"purchasable","13":"product-type-simple"},"acf":[],"_links":{"self":[{"href":"https:\/\/www.ernstbrunn-apotheke.at\/katalog\/wp-json\/wp\/v2\/product\/10123","targetHints":{"allow":["GET"]}}],"collection":[{"href":"https:\/\/www.ernstbrunn-apotheke.at\/katalog\/wp-json\/wp\/v2\/product"}],"about":[{"href":"https:\/\/www.ernstbrunn-apotheke.at\/katalog\/wp-json\/wp\/v2\/types\/product"}],"wp:featuredmedia":[{"embeddable":true,"href":"https:\/\/www.ernstbrunn-apotheke.at\/katalog\/wp-json\/wp\/v2\/media\/10125"}],"wp:attachment":[{"href":"https:\/\/www.ernstbrunn-apotheke.at\/katalog\/wp-json\/wp\/v2\/media?parent=10123"}],"wp:term":[{"taxonomy":"product_brand","embeddable":true,"href":"https:\/\/www.ernstbrunn-apotheke.at\/katalog\/wp-json\/wp\/v2\/product_brand?post=10123"},{"taxonomy":"product_cat","embeddable":true,"href":"https:\/\/www.ernstbrunn-apotheke.at\/katalog\/wp-json\/wp\/v2\/product_cat?post=10123"},{"taxonomy":"product_tag","embeddable":true,"href":"https:\/\/www.ernstbrunn-apotheke.at\/katalog\/wp-json\/wp\/v2\/product_tag?post=10123"}],"curies":[{"name":"wp","href":"https:\/\/api.w.org\/{rel}","templated":true}]}}