{"id":101224,"date":"2025-11-12T13:33:08","date_gmt":"2025-11-12T12:33:08","guid":{"rendered":"https:\/\/www.ernstbrunn-apotheke.at\/katalog\/produkt\/xlash-mascara-7-g\/"},"modified":"2025-12-08T21:17:34","modified_gmt":"2025-12-08T20:17:34","slug":"xlash-mascara-7-g","status":"publish","type":"product","link":"https:\/\/www.ernstbrunn-apotheke.at\/katalog\/produkt\/xlash-mascara-7-g\/","title":{"rendered":"Xlash Mascara 7 g"},"content":{"rendered":"<p>Die hohe Konzentration an Pigmenten verleiht Ihren Wimpern einen fantastischen und dramatischen Look. Der Xlash Mascara ist mit den Vitaminen E und B5 angereichert, welche Ihren Wimpern verbesserte Flexibilit\u00e4t geben und die Haarfollikel kr\u00e4ftigen. Vitamin E und Vitamin B5 verf\u00fcgen \u00fcber Antioxidantien, die den Vorgang nachwachsender besch\u00e4digter Wimpern unterst\u00fctzen. Xlash Mascara f\u00fcr ein besonders ausdrucksstarkes Ergebnis!.<\/p>\n","protected":false},"excerpt":{"rendered":"<p>Die hohe Konzentration an Pigmenten verleiht Ihren Wimpern einen fantastischen und dramatischen Look. Der Xlash Mascara ist mit den Vitaminen E und B5 angereichert, welche Ihren Wimpern verbesserte Flexibilit\u00e4t geben und die Haarfollikel kr\u00e4ftigen. Vitamin E und Vitamin B5 verf\u00fcgen \u00fcber Antioxidantien, die den Vorgang nachwachsender besch\u00e4digter Wimpern unterst\u00fctzen. Xlash Mascara f\u00fcr ein besonders ausdrucksstarkes [&hellip;]<\/p>\n","protected":false},"featured_media":101226,"template":"","meta":{"_acf_changed":false},"product_brand":[],"product_cat":[950],"product_tag":[],"class_list":{"0":"post-101224","1":"product","2":"type-product","3":"status-publish","4":"has-post-thumbnail","6":"product_cat-x","7":"pa_packungsgroesse-7g","9":"first","10":"instock","11":"shipping-taxable","12":"purchasable","13":"product-type-simple"},"acf":[],"_links":{"self":[{"href":"https:\/\/www.ernstbrunn-apotheke.at\/katalog\/wp-json\/wp\/v2\/product\/101224","targetHints":{"allow":["GET"]}}],"collection":[{"href":"https:\/\/www.ernstbrunn-apotheke.at\/katalog\/wp-json\/wp\/v2\/product"}],"about":[{"href":"https:\/\/www.ernstbrunn-apotheke.at\/katalog\/wp-json\/wp\/v2\/types\/product"}],"wp:featuredmedia":[{"embeddable":true,"href":"https:\/\/www.ernstbrunn-apotheke.at\/katalog\/wp-json\/wp\/v2\/media\/101226"}],"wp:attachment":[{"href":"https:\/\/www.ernstbrunn-apotheke.at\/katalog\/wp-json\/wp\/v2\/media?parent=101224"}],"wp:term":[{"taxonomy":"product_brand","embeddable":true,"href":"https:\/\/www.ernstbrunn-apotheke.at\/katalog\/wp-json\/wp\/v2\/product_brand?post=101224"},{"taxonomy":"product_cat","embeddable":true,"href":"https:\/\/www.ernstbrunn-apotheke.at\/katalog\/wp-json\/wp\/v2\/product_cat?post=101224"},{"taxonomy":"product_tag","embeddable":true,"href":"https:\/\/www.ernstbrunn-apotheke.at\/katalog\/wp-json\/wp\/v2\/product_tag?post=101224"}],"curies":[{"name":"wp","href":"https:\/\/api.w.org\/{rel}","templated":true}]}}