{"id":101138,"date":"2025-11-12T13:31:19","date_gmt":"2025-11-12T12:31:19","guid":{"rendered":"https:\/\/www.ernstbrunn-apotheke.at\/katalog\/produkt\/caudalie-vinopure-reinigungslotion\/"},"modified":"2025-12-08T21:17:11","modified_gmt":"2025-12-08T20:17:11","slug":"caudalie-vinopure-reinigungslotion","status":"publish","type":"product","link":"https:\/\/www.ernstbrunn-apotheke.at\/katalog\/produkt\/caudalie-vinopure-reinigungslotion\/","title":{"rendered":"Caudalie Vinopure Reinigungslotion"},"content":{"rendered":"<p><strong>Vinopure Reinigungslotion<\/strong><\/p>\n<p>Die Vinopure Lotion verschlie\u00dft die Poren und reduziert Hautunreinheiten sowie Glanz. Die Haut wird gereinigt und mattiert.<\/p>\n<p>Hauttyp\u00a0: Zu Akne neigende Haut<\/p>\n<p>Brauche : Unreinheiten, erweiterte Poren, Mitesser, fettige Haut<\/p>\n<p>Hauptinhaltsstoffe : Nat\u00fcrliche Salicyls\u00e4ure, Biologisches Traubenwasser, 6 reinigende \u00e4therische \u00d6le<\/p>\n<p>Textur : Lotion<\/p>\n<p>Verwendung : Morgens und abends, jeden Tag<\/p>\n<p>Rezeptur:<\/p>\n<ul>\n<li>99 % Inhaltsstoffe nat\u00fcrlichen Ursprungs<\/li>\n<li>Nicht komedogen, nicht lichtsensibilisierend<\/li>\n<li>Macht nicht lichtempfindlich<\/li>\n<li>Vegan<\/li>\n<li>100% plastic collect<\/li>\n<\/ul>\n<p>Sichtbare Resultate<\/p>\n<ul>\n<li>90% finden, dass ihre Haut weniger gl\u00e4nzt*<\/li>\n<li>100% recycelbare Verpackungen aus recyceltem Kunststoff (100% recycelte Plastikflaschen) f\u00fcr ein Null M\u00fcll Ziel*. *Au\u00dfer Pumpspender und Verschl\u00fcsse aus mehreren Materialien, die nur in den an der Partnerschaft Terracycle teilnehmenden SPA Stores recycelbar sind.<\/li>\n<\/ul>\n<p>*Klinische Studie. % Zufriedenheit. 30 Frauen, 56 Tage<\/p>\n<p>Wussten Sie es?Die Vinopure Lotion enth\u00e4lt ebenfalls Bio-Rosenwasser, das der \u00dcberproduktion von Sebum entgegenwirkt und die Haut zum Strahlen bringt.<strong> <\/strong><\/p>\n","protected":false},"excerpt":{"rendered":"<p>Vinopure Reinigungslotion Die Vinopure Lotion verschlie\u00dft die Poren und reduziert Hautunreinheiten sowie Glanz. Die Haut wird gereinigt und mattiert. Hauttyp\u00a0: Zu Akne neigende Haut Brauche : Unreinheiten, erweiterte Poren, Mitesser, fettige Haut Hauptinhaltsstoffe : Nat\u00fcrliche Salicyls\u00e4ure, Biologisches Traubenwasser, 6 reinigende \u00e4therische \u00d6le Textur : Lotion Verwendung : Morgens und abends, jeden Tag Rezeptur: 99 % [&hellip;]<\/p>\n","protected":false},"featured_media":101140,"template":"","meta":{"_acf_changed":false},"product_brand":[687],"product_cat":[812],"product_tag":[],"class_list":{"0":"post-101138","1":"product","2":"type-product","3":"status-publish","4":"has-post-thumbnail","6":"product_brand-caudalie","7":"product_cat-c","8":"pa_packungsgroesse-200ml","10":"first","11":"instock","12":"shipping-taxable","13":"purchasable","14":"product-type-simple"},"acf":[],"_links":{"self":[{"href":"https:\/\/www.ernstbrunn-apotheke.at\/katalog\/wp-json\/wp\/v2\/product\/101138","targetHints":{"allow":["GET"]}}],"collection":[{"href":"https:\/\/www.ernstbrunn-apotheke.at\/katalog\/wp-json\/wp\/v2\/product"}],"about":[{"href":"https:\/\/www.ernstbrunn-apotheke.at\/katalog\/wp-json\/wp\/v2\/types\/product"}],"wp:featuredmedia":[{"embeddable":true,"href":"https:\/\/www.ernstbrunn-apotheke.at\/katalog\/wp-json\/wp\/v2\/media\/101140"}],"wp:attachment":[{"href":"https:\/\/www.ernstbrunn-apotheke.at\/katalog\/wp-json\/wp\/v2\/media?parent=101138"}],"wp:term":[{"taxonomy":"product_brand","embeddable":true,"href":"https:\/\/www.ernstbrunn-apotheke.at\/katalog\/wp-json\/wp\/v2\/product_brand?post=101138"},{"taxonomy":"product_cat","embeddable":true,"href":"https:\/\/www.ernstbrunn-apotheke.at\/katalog\/wp-json\/wp\/v2\/product_cat?post=101138"},{"taxonomy":"product_tag","embeddable":true,"href":"https:\/\/www.ernstbrunn-apotheke.at\/katalog\/wp-json\/wp\/v2\/product_tag?post=101138"}],"curies":[{"name":"wp","href":"https:\/\/api.w.org\/{rel}","templated":true}]}}