{"id":100977,"date":"2025-11-12T13:28:23","date_gmt":"2025-11-12T12:28:23","guid":{"rendered":"https:\/\/www.ernstbrunn-apotheke.at\/katalog\/produkt\/neyparadent-liposome-mundtropfen-45-ml\/"},"modified":"2025-12-08T21:15:28","modified_gmt":"2025-12-08T20:15:28","slug":"neyparadent-liposome-mundtropfen-45-ml","status":"publish","type":"product","link":"https:\/\/www.ernstbrunn-apotheke.at\/katalog\/produkt\/neyparadent-liposome-mundtropfen-45-ml\/","title":{"rendered":"NeyParadent-Liposome Mundtropfen 45 ml"},"content":{"rendered":"<p>NeyParadent\u00ae-Liposome Mundtropfen sind ein Mittel erster G\u00fcte, das die Mundschleimhaut auf nat\u00fcrliche Art und Weise st\u00e4rkt. Liposome (feinste Fetttr\u00f6pfchen) transportieren die Wirkfaktoren genau dorthin, wo sie wirken sollen. Dieses \u201eOrgantropismus\u201c genannte Verfahren verst\u00e4rkt sp\u00fcrbar den therapeutischen Effekt.<\/p>\n","protected":false},"excerpt":{"rendered":"<p>NeyParadent\u00ae-Liposome Mundtropfen sind ein Mittel erster G\u00fcte, das die Mundschleimhaut auf nat\u00fcrliche Art und Weise st\u00e4rkt. Liposome (feinste Fetttr\u00f6pfchen) transportieren die Wirkfaktoren genau dorthin, wo sie wirken sollen. Dieses \u201eOrgantropismus\u201c genannte Verfahren verst\u00e4rkt sp\u00fcrbar den therapeutischen Effekt.<\/p>\n","protected":false},"featured_media":100979,"template":"","meta":{"_acf_changed":false},"product_brand":[],"product_cat":[797],"product_tag":[],"class_list":{"0":"post-100977","1":"product","2":"type-product","3":"status-publish","4":"has-post-thumbnail","6":"product_cat-n","7":"pa_packungsgroesse-45ml","9":"first","10":"instock","11":"shipping-taxable","12":"purchasable","13":"product-type-simple"},"acf":[],"_links":{"self":[{"href":"https:\/\/www.ernstbrunn-apotheke.at\/katalog\/wp-json\/wp\/v2\/product\/100977","targetHints":{"allow":["GET"]}}],"collection":[{"href":"https:\/\/www.ernstbrunn-apotheke.at\/katalog\/wp-json\/wp\/v2\/product"}],"about":[{"href":"https:\/\/www.ernstbrunn-apotheke.at\/katalog\/wp-json\/wp\/v2\/types\/product"}],"wp:featuredmedia":[{"embeddable":true,"href":"https:\/\/www.ernstbrunn-apotheke.at\/katalog\/wp-json\/wp\/v2\/media\/100979"}],"wp:attachment":[{"href":"https:\/\/www.ernstbrunn-apotheke.at\/katalog\/wp-json\/wp\/v2\/media?parent=100977"}],"wp:term":[{"taxonomy":"product_brand","embeddable":true,"href":"https:\/\/www.ernstbrunn-apotheke.at\/katalog\/wp-json\/wp\/v2\/product_brand?post=100977"},{"taxonomy":"product_cat","embeddable":true,"href":"https:\/\/www.ernstbrunn-apotheke.at\/katalog\/wp-json\/wp\/v2\/product_cat?post=100977"},{"taxonomy":"product_tag","embeddable":true,"href":"https:\/\/www.ernstbrunn-apotheke.at\/katalog\/wp-json\/wp\/v2\/product_tag?post=100977"}],"curies":[{"name":"wp","href":"https:\/\/api.w.org\/{rel}","templated":true}]}}