{"id":100930,"date":"2025-11-12T13:27:32","date_gmt":"2025-11-12T12:27:32","guid":{"rendered":"https:\/\/www.ernstbrunn-apotheke.at\/katalog\/produkt\/neostrata-glycolic-renewal-smoothing-creme-40-g\/"},"modified":"2025-12-08T21:15:09","modified_gmt":"2025-12-08T20:15:09","slug":"neostrata-glycolic-renewal-smoothing-creme-40-g","status":"publish","type":"product","link":"https:\/\/www.ernstbrunn-apotheke.at\/katalog\/produkt\/neostrata-glycolic-renewal-smoothing-creme-40-g\/","title":{"rendered":"Neostrata Glycolic Renewal Smoothing Creme 40 g"},"content":{"rendered":"<p>Neostrata Produkte wurden von Dermatologen entwickelt und ihre Wirksamkeit in zahlreichen klinischen Studien getestet und bewiesen. Durch die Kombination verschiedener Inhaltsstoffe, wie Alpha- (AHA) und Polyhydroxys\u00e4uren (PHA), NeoGlucosaminen, NeoCitriaten, Aminos\u00e4uren, Antioxidantien und vielen mehr, entstehen Behandlungsm\u00f6glichkeiten f\u00fcr eine Vielzahl von Indikationen.<\/p>\n","protected":false},"excerpt":{"rendered":"<p>Neostrata Produkte wurden von Dermatologen entwickelt und ihre Wirksamkeit in zahlreichen klinischen Studien getestet und bewiesen. Durch die Kombination verschiedener Inhaltsstoffe, wie Alpha- (AHA) und Polyhydroxys\u00e4uren (PHA), NeoGlucosaminen, NeoCitriaten, Aminos\u00e4uren, Antioxidantien und vielen mehr, entstehen Behandlungsm\u00f6glichkeiten f\u00fcr eine Vielzahl von Indikationen.<\/p>\n","protected":false},"featured_media":100932,"template":"","meta":{"_acf_changed":false},"product_brand":[708],"product_cat":[797],"product_tag":[],"class_list":{"0":"post-100930","1":"product","2":"type-product","3":"status-publish","4":"has-post-thumbnail","6":"product_brand-neostrata","7":"product_cat-n","8":"pa_packungsgroesse-40g","10":"first","11":"instock","12":"shipping-taxable","13":"purchasable","14":"product-type-simple"},"acf":[],"_links":{"self":[{"href":"https:\/\/www.ernstbrunn-apotheke.at\/katalog\/wp-json\/wp\/v2\/product\/100930","targetHints":{"allow":["GET"]}}],"collection":[{"href":"https:\/\/www.ernstbrunn-apotheke.at\/katalog\/wp-json\/wp\/v2\/product"}],"about":[{"href":"https:\/\/www.ernstbrunn-apotheke.at\/katalog\/wp-json\/wp\/v2\/types\/product"}],"wp:featuredmedia":[{"embeddable":true,"href":"https:\/\/www.ernstbrunn-apotheke.at\/katalog\/wp-json\/wp\/v2\/media\/100932"}],"wp:attachment":[{"href":"https:\/\/www.ernstbrunn-apotheke.at\/katalog\/wp-json\/wp\/v2\/media?parent=100930"}],"wp:term":[{"taxonomy":"product_brand","embeddable":true,"href":"https:\/\/www.ernstbrunn-apotheke.at\/katalog\/wp-json\/wp\/v2\/product_brand?post=100930"},{"taxonomy":"product_cat","embeddable":true,"href":"https:\/\/www.ernstbrunn-apotheke.at\/katalog\/wp-json\/wp\/v2\/product_cat?post=100930"},{"taxonomy":"product_tag","embeddable":true,"href":"https:\/\/www.ernstbrunn-apotheke.at\/katalog\/wp-json\/wp\/v2\/product_tag?post=100930"}],"curies":[{"name":"wp","href":"https:\/\/api.w.org\/{rel}","templated":true}]}}