{"id":100878,"date":"2025-11-12T13:26:21","date_gmt":"2025-11-12T12:26:21","guid":{"rendered":"https:\/\/www.ernstbrunn-apotheke.at\/katalog\/produkt\/sonnentor-eierspeisgewuerz-streudose-45-g-bio\/"},"modified":"2025-12-08T21:14:56","modified_gmt":"2025-12-08T20:14:56","slug":"sonnentor-eierspeisgewuerz-streudose-45-g-bio","status":"publish","type":"product","link":"https:\/\/www.ernstbrunn-apotheke.at\/katalog\/produkt\/sonnentor-eierspeisgewuerz-streudose-45-g-bio\/","title":{"rendered":"Sonnentor Eierspeisgew\u00fcrz Streudose 45 g BIO"},"content":{"rendered":"<p>Das neue Lieblingsgew\u00fcrz f\u00fcr alle die gerne herumeiern. Ob R\u00fchrei oder Omelette oder Nudelauflauf \u2013 in dieser Gew\u00fcrzmischung mit Meersalz ist schon alles drin, was du brauchst. Schnittlauch, Kurkuma und Tomate zaubern Farbe auf den Teller und bringen Abwechslung ins Ei-nerlei. Da wird der Fuchs mit der Pfanne verr\u00fcckt!<\/p>\n","protected":false},"excerpt":{"rendered":"<p>Das neue Lieblingsgew\u00fcrz f\u00fcr alle die gerne herumeiern. Ob R\u00fchrei oder Omelette oder Nudelauflauf \u2013 in dieser Gew\u00fcrzmischung mit Meersalz ist schon alles drin, was du brauchst. Schnittlauch, Kurkuma und Tomate zaubern Farbe auf den Teller und bringen Abwechslung ins Ei-nerlei. Da wird der Fuchs mit der Pfanne verr\u00fcckt!<\/p>\n","protected":false},"featured_media":100880,"template":"","meta":{"_acf_changed":false},"product_brand":[925],"product_cat":[791],"product_tag":[],"class_list":{"0":"post-100878","1":"product","2":"type-product","3":"status-publish","4":"has-post-thumbnail","6":"product_brand-sonnentor","7":"product_cat-s","8":"pa_packungsgroesse-70g","10":"first","11":"instock","12":"shipping-taxable","13":"purchasable","14":"product-type-simple"},"acf":[],"_links":{"self":[{"href":"https:\/\/www.ernstbrunn-apotheke.at\/katalog\/wp-json\/wp\/v2\/product\/100878","targetHints":{"allow":["GET"]}}],"collection":[{"href":"https:\/\/www.ernstbrunn-apotheke.at\/katalog\/wp-json\/wp\/v2\/product"}],"about":[{"href":"https:\/\/www.ernstbrunn-apotheke.at\/katalog\/wp-json\/wp\/v2\/types\/product"}],"wp:featuredmedia":[{"embeddable":true,"href":"https:\/\/www.ernstbrunn-apotheke.at\/katalog\/wp-json\/wp\/v2\/media\/100880"}],"wp:attachment":[{"href":"https:\/\/www.ernstbrunn-apotheke.at\/katalog\/wp-json\/wp\/v2\/media?parent=100878"}],"wp:term":[{"taxonomy":"product_brand","embeddable":true,"href":"https:\/\/www.ernstbrunn-apotheke.at\/katalog\/wp-json\/wp\/v2\/product_brand?post=100878"},{"taxonomy":"product_cat","embeddable":true,"href":"https:\/\/www.ernstbrunn-apotheke.at\/katalog\/wp-json\/wp\/v2\/product_cat?post=100878"},{"taxonomy":"product_tag","embeddable":true,"href":"https:\/\/www.ernstbrunn-apotheke.at\/katalog\/wp-json\/wp\/v2\/product_tag?post=100878"}],"curies":[{"name":"wp","href":"https:\/\/api.w.org\/{rel}","templated":true}]}}