{"id":10081,"date":"2025-11-07T14:10:21","date_gmt":"2025-11-07T13:10:21","guid":{"rendered":"https:\/\/www.ernstbrunn-apotheke.at\/katalog\/produkt\/life-light-goldrute-kraeuterdestillat-50-ml\/"},"modified":"2025-12-08T13:28:53","modified_gmt":"2025-12-08T12:28:53","slug":"life-light-goldrute-kraeuterdestillat-50-ml","status":"publish","type":"product","link":"https:\/\/www.ernstbrunn-apotheke.at\/katalog\/produkt\/life-light-goldrute-kraeuterdestillat-50-ml\/","title":{"rendered":"Life Light Goldrute Kr\u00e4uterdestillat 50 ml"},"content":{"rendered":"<p>Life Light Goldrute Kr\u00e4uterdestillat ist ein ganzheitliches Kr\u00e4uterdestillat aus heimischer Goldrute. Die Goldrute wird zur Behandlung bei Harnsteinen und Nierengrie\u00df, bei Reizblase sowie zur Durchsp\u00fclung bei entz\u00fcndlichen Erkrankungen der ableitenden Harnwege eingesetzt.<\/p>\n","protected":false},"excerpt":{"rendered":"<p>Life Light Goldrute Kr\u00e4uterdestillat ist ein ganzheitliches Kr\u00e4uterdestillat aus heimischer Goldrute. Die Goldrute wird zur Behandlung bei Harnsteinen und Nierengrie\u00df, bei Reizblase sowie zur Durchsp\u00fclung bei entz\u00fcndlichen Erkrankungen der ableitenden Harnwege eingesetzt.<\/p>\n","protected":false},"featured_media":10083,"template":"","meta":{"_acf_changed":false},"product_brand":[],"product_cat":[795],"product_tag":[],"class_list":{"0":"post-10081","1":"product","2":"type-product","3":"status-publish","4":"has-post-thumbnail","6":"product_cat-l","7":"pa_packungsgroesse-50ml","9":"first","10":"instock","11":"shipping-taxable","12":"purchasable","13":"product-type-simple"},"acf":[],"_links":{"self":[{"href":"https:\/\/www.ernstbrunn-apotheke.at\/katalog\/wp-json\/wp\/v2\/product\/10081","targetHints":{"allow":["GET"]}}],"collection":[{"href":"https:\/\/www.ernstbrunn-apotheke.at\/katalog\/wp-json\/wp\/v2\/product"}],"about":[{"href":"https:\/\/www.ernstbrunn-apotheke.at\/katalog\/wp-json\/wp\/v2\/types\/product"}],"wp:featuredmedia":[{"embeddable":true,"href":"https:\/\/www.ernstbrunn-apotheke.at\/katalog\/wp-json\/wp\/v2\/media\/10083"}],"wp:attachment":[{"href":"https:\/\/www.ernstbrunn-apotheke.at\/katalog\/wp-json\/wp\/v2\/media?parent=10081"}],"wp:term":[{"taxonomy":"product_brand","embeddable":true,"href":"https:\/\/www.ernstbrunn-apotheke.at\/katalog\/wp-json\/wp\/v2\/product_brand?post=10081"},{"taxonomy":"product_cat","embeddable":true,"href":"https:\/\/www.ernstbrunn-apotheke.at\/katalog\/wp-json\/wp\/v2\/product_cat?post=10081"},{"taxonomy":"product_tag","embeddable":true,"href":"https:\/\/www.ernstbrunn-apotheke.at\/katalog\/wp-json\/wp\/v2\/product_tag?post=10081"}],"curies":[{"name":"wp","href":"https:\/\/api.w.org\/{rel}","templated":true}]}}