{"id":100772,"date":"2025-11-12T13:24:24","date_gmt":"2025-11-12T12:24:24","guid":{"rendered":"https:\/\/www.ernstbrunn-apotheke.at\/katalog\/produkt\/la-mer-ampulle-oxygen-2-ml-1-stk\/"},"modified":"2025-12-08T21:14:10","modified_gmt":"2025-12-08T20:14:10","slug":"la-mer-ampulle-oxygen-2-ml-1-stk","status":"publish","type":"product","link":"https:\/\/www.ernstbrunn-apotheke.at\/katalog\/produkt\/la-mer-ampulle-oxygen-2-ml-1-stk\/","title":{"rendered":"La Mer Ampulle Oxygen 2 ml 1 Stk."},"content":{"rendered":"<p>Diese vitalisierende Wirkstoffampulle verleiht kraftloser Haut wieder neue Energie und Frische. Die einzigartige Kombination aus molekularem Sauerstoff und Hyalurons\u00e4ure optimiert die Sauerstoffversorgung in den Hautzellen, unterst\u00fctzt die nat\u00fcrliche Kollagenproduktion und bindet Feuchtigkeit in der Haut. Zus\u00e4tzlich versorgt der enthaltene Meeresschlick-Extrakt die Haut mit Spurenelementen und Mineralstoffen, aktiviert die hauteigenen Funktionen und st\u00e4rkt die Hautschutzbarriere. F\u00fcr eine vitalisierte Haut mit frischem Teint.<\/p>\n","protected":false},"excerpt":{"rendered":"<p>Diese vitalisierende Wirkstoffampulle verleiht kraftloser Haut wieder neue Energie und Frische. Die einzigartige Kombination aus molekularem Sauerstoff und Hyalurons\u00e4ure optimiert die Sauerstoffversorgung in den Hautzellen, unterst\u00fctzt die nat\u00fcrliche Kollagenproduktion und bindet Feuchtigkeit in der Haut. Zus\u00e4tzlich versorgt der enthaltene Meeresschlick-Extrakt die Haut mit Spurenelementen und Mineralstoffen, aktiviert die hauteigenen Funktionen und st\u00e4rkt die Hautschutzbarriere. F\u00fcr [&hellip;]<\/p>\n","protected":false},"featured_media":0,"template":"","meta":{"_acf_changed":false},"product_brand":[1216],"product_cat":[795],"product_tag":[],"class_list":{"0":"post-100772","1":"product","2":"type-product","3":"status-publish","5":"product_brand-la-mer","6":"product_cat-l","7":"pa_packungsgroesse-7-stueck","9":"first","10":"instock","11":"shipping-taxable","12":"purchasable","13":"product-type-simple"},"acf":[],"_links":{"self":[{"href":"https:\/\/www.ernstbrunn-apotheke.at\/katalog\/wp-json\/wp\/v2\/product\/100772","targetHints":{"allow":["GET"]}}],"collection":[{"href":"https:\/\/www.ernstbrunn-apotheke.at\/katalog\/wp-json\/wp\/v2\/product"}],"about":[{"href":"https:\/\/www.ernstbrunn-apotheke.at\/katalog\/wp-json\/wp\/v2\/types\/product"}],"wp:attachment":[{"href":"https:\/\/www.ernstbrunn-apotheke.at\/katalog\/wp-json\/wp\/v2\/media?parent=100772"}],"wp:term":[{"taxonomy":"product_brand","embeddable":true,"href":"https:\/\/www.ernstbrunn-apotheke.at\/katalog\/wp-json\/wp\/v2\/product_brand?post=100772"},{"taxonomy":"product_cat","embeddable":true,"href":"https:\/\/www.ernstbrunn-apotheke.at\/katalog\/wp-json\/wp\/v2\/product_cat?post=100772"},{"taxonomy":"product_tag","embeddable":true,"href":"https:\/\/www.ernstbrunn-apotheke.at\/katalog\/wp-json\/wp\/v2\/product_tag?post=100772"}],"curies":[{"name":"wp","href":"https:\/\/api.w.org\/{rel}","templated":true}]}}