{"id":100697,"date":"2025-11-12T13:22:47","date_gmt":"2025-11-12T12:22:47","guid":{"rendered":"https:\/\/www.ernstbrunn-apotheke.at\/katalog\/produkt\/sonnenmoor-bio-kraeuter-und-gewuerzpulver-bitter-ist-das-neue-suess\/"},"modified":"2025-12-08T21:13:45","modified_gmt":"2025-12-08T20:13:45","slug":"sonnenmoor-bio-kraeuter-und-gewuerzpulver-bitter-ist-das-neue-suess","status":"publish","type":"product","link":"https:\/\/www.ernstbrunn-apotheke.at\/katalog\/produkt\/sonnenmoor-bio-kraeuter-und-gewuerzpulver-bitter-ist-das-neue-suess\/","title":{"rendered":"SonnenMoor Bio-Kr\u00e4uter- und Gew\u00fcrzpulver, BITTER IST DAS NEUE S\u00dcSS"},"content":{"rendered":"<p><strong>Inhaltsstoffe &amp; Bestandteile:&nbsp;<\/strong><\/p>\n<p>L&ouml;wenzahnkraut gemahlen*, Schafgarbenkraut gemahlen*, Kurkumawurzel gemahlen*, Artischockenkraut gemahlen*, Fenchel gemahlen*, Anis gemahlen*, K&uuml;mmel gemahlen*, Galgantwurzel gemahlen*, Kardamom gemahlen*, Pfeffer schwarz gemahlen*, Orangenschalen gemahlen*.<\/p>\n<p>*aus kontrolliert biologischen Anbau<\/p>\n<p>AT-BIO-401<br \/>EU\/nicht-EU-Landwirtschaft &quot;<\/p>\n<p><strong>Lagerung &nbsp;&amp; Warnhinweise:&nbsp;<\/strong><\/p>\n<p>Nach dem &Ouml;ffnen gut verschlossen vor W&auml;rme gesch&uuml;tzt lagern. &nbsp; &nbsp;&nbsp;<\/p>\n<p><strong>Wichtige Informationen:<\/strong><\/p>\n<p>Nahrungserg&auml;nzungsmittel sind kein Ersatz f&uuml;r eine ausgewogene und abwechslungsreiche Ern&auml;hrung sowie f&uuml;r eine gesunde Lebensweise.<\/p>\n<p>F&uuml;r Kinder unerreichbar lagern! &quot;<\/p>\n","protected":false},"excerpt":{"rendered":"<p>Inhaltsstoffe &amp; Bestandteile:&nbsp; L&ouml;wenzahnkraut gemahlen*, Schafgarbenkraut gemahlen*, Kurkumawurzel gemahlen*, Artischockenkraut gemahlen*, Fenchel gemahlen*, Anis gemahlen*, K&uuml;mmel gemahlen*, Galgantwurzel gemahlen*, Kardamom gemahlen*, Pfeffer schwarz gemahlen*, Orangenschalen gemahlen*. *aus kontrolliert biologischen Anbau AT-BIO-401EU\/nicht-EU-Landwirtschaft &quot; Lagerung &nbsp;&amp; Warnhinweise:&nbsp; Nach dem &Ouml;ffnen gut verschlossen vor W&auml;rme gesch&uuml;tzt lagern. &nbsp; &nbsp;&nbsp; Wichtige Informationen: Nahrungserg&auml;nzungsmittel sind kein Ersatz f&uuml;r eine ausgewogene [&hellip;]<\/p>\n","protected":false},"featured_media":100699,"template":"","meta":{"_acf_changed":false},"product_brand":[1106],"product_cat":[791],"product_tag":[],"class_list":{"0":"post-100697","1":"product","2":"type-product","3":"status-publish","4":"has-post-thumbnail","6":"product_brand-moorprodukte","7":"product_cat-s","8":"pa_packungsgroesse-100g","10":"first","11":"instock","12":"shipping-taxable","13":"purchasable","14":"product-type-simple"},"acf":[],"_links":{"self":[{"href":"https:\/\/www.ernstbrunn-apotheke.at\/katalog\/wp-json\/wp\/v2\/product\/100697","targetHints":{"allow":["GET"]}}],"collection":[{"href":"https:\/\/www.ernstbrunn-apotheke.at\/katalog\/wp-json\/wp\/v2\/product"}],"about":[{"href":"https:\/\/www.ernstbrunn-apotheke.at\/katalog\/wp-json\/wp\/v2\/types\/product"}],"wp:featuredmedia":[{"embeddable":true,"href":"https:\/\/www.ernstbrunn-apotheke.at\/katalog\/wp-json\/wp\/v2\/media\/100699"}],"wp:attachment":[{"href":"https:\/\/www.ernstbrunn-apotheke.at\/katalog\/wp-json\/wp\/v2\/media?parent=100697"}],"wp:term":[{"taxonomy":"product_brand","embeddable":true,"href":"https:\/\/www.ernstbrunn-apotheke.at\/katalog\/wp-json\/wp\/v2\/product_brand?post=100697"},{"taxonomy":"product_cat","embeddable":true,"href":"https:\/\/www.ernstbrunn-apotheke.at\/katalog\/wp-json\/wp\/v2\/product_cat?post=100697"},{"taxonomy":"product_tag","embeddable":true,"href":"https:\/\/www.ernstbrunn-apotheke.at\/katalog\/wp-json\/wp\/v2\/product_tag?post=100697"}],"curies":[{"name":"wp","href":"https:\/\/api.w.org\/{rel}","templated":true}]}}