{"id":100621,"date":"2025-11-12T12:38:46","date_gmt":"2025-11-12T11:38:46","guid":{"rendered":"https:\/\/www.ernstbrunn-apotheke.at\/katalog\/produkt\/bion-3-immun-tabletten-90-stk\/"},"modified":"2025-12-08T21:13:24","modified_gmt":"2025-12-08T20:13:24","slug":"bion-3-immun-tabletten-90-stk","status":"publish","type":"product","link":"https:\/\/www.ernstbrunn-apotheke.at\/katalog\/produkt\/bion-3-immun-tabletten-90-stk\/","title":{"rendered":"Bion 3 Immun Tabletten 90 Stk."},"content":{"rendered":"<p>Bion 3 Immun unterst\u00fctzt Ihr Immunsystem &#8211; die spezielle 3in1 Tablette bietet eine einzigartige Kombination aus lebenden Bakterienkulturen, Mineralstoffen und Vitaminen. Bion3 Immun enth\u00e4lt 3 lebende Bakterienkulturen: Lactobacillus gasseri, Bifidobacterium bifidum und Bifidobacterium longum. Die Tri-Bion Technologie sch\u00fctzt die Bakterien mit einer speziellen Beschichtung vor der Magens\u00e4ure und sorgt so daf\u00fcr, dass diese den Darm lebend erreichen k\u00f6nnen. Au\u00dferdem enth\u00e4lt Bion3 Immun 7 ausgew\u00e4hlte Mineralstoffe und 12 Vitamine. Gib deinem Immunsystem die Unterst\u00fctzung, die es braucht mit Vitamin A, C, D, B6, B12 und Fols\u00e4ure und Eisen, Zink und Selen.<\/p>\n","protected":false},"excerpt":{"rendered":"<p>Bion 3 Immun unterst\u00fctzt Ihr Immunsystem &#8211; die spezielle 3in1 Tablette bietet eine einzigartige Kombination aus lebenden Bakterienkulturen, Mineralstoffen und Vitaminen. Bion3 Immun enth\u00e4lt 3 lebende Bakterienkulturen: Lactobacillus gasseri, Bifidobacterium bifidum und Bifidobacterium longum. Die Tri-Bion Technologie sch\u00fctzt die Bakterien mit einer speziellen Beschichtung vor der Magens\u00e4ure und sorgt so daf\u00fcr, dass diese den Darm [&hellip;]<\/p>\n","protected":false},"featured_media":100623,"template":"","meta":{"_acf_changed":false},"product_brand":[],"product_cat":[802],"product_tag":[],"class_list":{"0":"post-100621","1":"product","2":"type-product","3":"status-publish","4":"has-post-thumbnail","6":"product_cat-b","7":"pa_packungsgroesse-90-stueck","9":"first","10":"instock","11":"shipping-taxable","12":"purchasable","13":"product-type-simple"},"acf":[],"_links":{"self":[{"href":"https:\/\/www.ernstbrunn-apotheke.at\/katalog\/wp-json\/wp\/v2\/product\/100621","targetHints":{"allow":["GET"]}}],"collection":[{"href":"https:\/\/www.ernstbrunn-apotheke.at\/katalog\/wp-json\/wp\/v2\/product"}],"about":[{"href":"https:\/\/www.ernstbrunn-apotheke.at\/katalog\/wp-json\/wp\/v2\/types\/product"}],"wp:featuredmedia":[{"embeddable":true,"href":"https:\/\/www.ernstbrunn-apotheke.at\/katalog\/wp-json\/wp\/v2\/media\/100623"}],"wp:attachment":[{"href":"https:\/\/www.ernstbrunn-apotheke.at\/katalog\/wp-json\/wp\/v2\/media?parent=100621"}],"wp:term":[{"taxonomy":"product_brand","embeddable":true,"href":"https:\/\/www.ernstbrunn-apotheke.at\/katalog\/wp-json\/wp\/v2\/product_brand?post=100621"},{"taxonomy":"product_cat","embeddable":true,"href":"https:\/\/www.ernstbrunn-apotheke.at\/katalog\/wp-json\/wp\/v2\/product_cat?post=100621"},{"taxonomy":"product_tag","embeddable":true,"href":"https:\/\/www.ernstbrunn-apotheke.at\/katalog\/wp-json\/wp\/v2\/product_tag?post=100621"}],"curies":[{"name":"wp","href":"https:\/\/api.w.org\/{rel}","templated":true}]}}