{"id":100582,"date":"2025-11-12T12:38:46","date_gmt":"2025-11-12T11:38:46","guid":{"rendered":"https:\/\/www.ernstbrunn-apotheke.at\/katalog\/produkt\/desderman-care-haendedesinfektion-5000-ml\/"},"modified":"2025-12-08T21:13:18","modified_gmt":"2025-12-08T20:13:18","slug":"desderman-care-haendedesinfektion-5000-ml","status":"publish","type":"product","link":"https:\/\/www.ernstbrunn-apotheke.at\/katalog\/produkt\/desderman-care-haendedesinfektion-5000-ml\/","title":{"rendered":"Desderman Care H\u00e4ndedesinfektion 5000 ml"},"content":{"rendered":"<p>Viruzide H\u00e4ndedesinfektion mit besonders hautfreundlicher Pflegeformel f\u00fcr hygienische und chirurgische H\u00e4ndedesinfektion. Ausgepr\u00e4gte mikrobizide und viruzide Wirksamkeit, zuverl\u00e4ssige Langzeitwirkung bis zu 6 Stunden. Farbstoff- und parf\u00fcmfrei, daher besonders hautfreundlich.<\/p>\n","protected":false},"excerpt":{"rendered":"<p>Viruzide H\u00e4ndedesinfektion mit besonders hautfreundlicher Pflegeformel f\u00fcr hygienische und chirurgische H\u00e4ndedesinfektion. Ausgepr\u00e4gte mikrobizide und viruzide Wirksamkeit, zuverl\u00e4ssige Langzeitwirkung bis zu 6 Stunden. Farbstoff- und parf\u00fcmfrei, daher besonders hautfreundlich.<\/p>\n","protected":false},"featured_media":100584,"template":"","meta":{"_acf_changed":false},"product_brand":[1377],"product_cat":[792],"product_tag":[],"class_list":{"0":"post-100582","1":"product","2":"type-product","3":"status-publish","4":"has-post-thumbnail","6":"product_brand-desderman","7":"product_cat-d","8":"pa_packungsgroesse-5l","10":"first","11":"instock","12":"shipping-taxable","13":"purchasable","14":"product-type-simple"},"acf":[],"_links":{"self":[{"href":"https:\/\/www.ernstbrunn-apotheke.at\/katalog\/wp-json\/wp\/v2\/product\/100582","targetHints":{"allow":["GET"]}}],"collection":[{"href":"https:\/\/www.ernstbrunn-apotheke.at\/katalog\/wp-json\/wp\/v2\/product"}],"about":[{"href":"https:\/\/www.ernstbrunn-apotheke.at\/katalog\/wp-json\/wp\/v2\/types\/product"}],"wp:featuredmedia":[{"embeddable":true,"href":"https:\/\/www.ernstbrunn-apotheke.at\/katalog\/wp-json\/wp\/v2\/media\/100584"}],"wp:attachment":[{"href":"https:\/\/www.ernstbrunn-apotheke.at\/katalog\/wp-json\/wp\/v2\/media?parent=100582"}],"wp:term":[{"taxonomy":"product_brand","embeddable":true,"href":"https:\/\/www.ernstbrunn-apotheke.at\/katalog\/wp-json\/wp\/v2\/product_brand?post=100582"},{"taxonomy":"product_cat","embeddable":true,"href":"https:\/\/www.ernstbrunn-apotheke.at\/katalog\/wp-json\/wp\/v2\/product_cat?post=100582"},{"taxonomy":"product_tag","embeddable":true,"href":"https:\/\/www.ernstbrunn-apotheke.at\/katalog\/wp-json\/wp\/v2\/product_tag?post=100582"}],"curies":[{"name":"wp","href":"https:\/\/api.w.org\/{rel}","templated":true}]}}