{"id":100562,"date":"2025-11-12T12:37:55","date_gmt":"2025-11-12T11:37:55","guid":{"rendered":"https:\/\/www.ernstbrunn-apotheke.at\/katalog\/produkt\/eucerin-hyaluron-filler-elasticity-3d-serum-30-ml\/"},"modified":"2025-12-08T21:13:15","modified_gmt":"2025-12-08T20:13:15","slug":"eucerin-hyaluron-filler-elasticity-3d-serum-30-ml","status":"publish","type":"product","link":"https:\/\/www.ernstbrunn-apotheke.at\/katalog\/produkt\/eucerin-hyaluron-filler-elasticity-3d-serum-30-ml\/","title":{"rendered":"Eucerin Hyaluron-Filler + Elasticity 3D Serum 30 ml"},"content":{"rendered":"<p>Eucerin Hyaluron-Filler + Elasticity 3D ist ein Anti-Age-Serum f\u00fcr reife Haut, das bei regelm\u00e4\u00dfiger Anwendung Altersflecken im Gesicht effektiv mildert und deren Neuentstehung vorbeugt, selbst tiefe Falten aufpolstert und die Hautelastizit\u00e4t verbessert. Die Haut wirkt ebenm\u00e4\u00dfiger und straffer. Die Formel mit Thiamidol\u00ae wirkt am Ursprung der Hyperpigmentierung und ist klinisch erwiesen in der Lage, Altersflecken bei regelm\u00e4\u00dfiger Anwendung effektiv zu mildern und deren Neuentstehung vorzubeugen. Der Wirkstoff Arctiin stimuliert nachweislich die Kollagenproduktion in der Haut. Es tr\u00e4gt zusammen mit der Hyalurons\u00e4ure in unserer Formel zur Verbesserung der Hautelastizit\u00e4t bei.<\/p>\n","protected":false},"excerpt":{"rendered":"<p>Eucerin Hyaluron-Filler + Elasticity 3D ist ein Anti-Age-Serum f\u00fcr reife Haut, das bei regelm\u00e4\u00dfiger Anwendung Altersflecken im Gesicht effektiv mildert und deren Neuentstehung vorbeugt, selbst tiefe Falten aufpolstert und die Hautelastizit\u00e4t verbessert. Die Haut wirkt ebenm\u00e4\u00dfiger und straffer. Die Formel mit Thiamidol\u00ae wirkt am Ursprung der Hyperpigmentierung und ist klinisch erwiesen in der Lage, Altersflecken [&hellip;]<\/p>\n","protected":false},"featured_media":100564,"template":"","meta":{"_acf_changed":false},"product_brand":[334],"product_cat":[794],"product_tag":[],"class_list":{"0":"post-100562","1":"product","2":"type-product","3":"status-publish","4":"has-post-thumbnail","6":"product_brand-eucerin","7":"product_cat-e","8":"pa_packungsgroesse-30ml","10":"first","11":"instock","12":"shipping-taxable","13":"purchasable","14":"product-type-simple"},"acf":[],"_links":{"self":[{"href":"https:\/\/www.ernstbrunn-apotheke.at\/katalog\/wp-json\/wp\/v2\/product\/100562","targetHints":{"allow":["GET"]}}],"collection":[{"href":"https:\/\/www.ernstbrunn-apotheke.at\/katalog\/wp-json\/wp\/v2\/product"}],"about":[{"href":"https:\/\/www.ernstbrunn-apotheke.at\/katalog\/wp-json\/wp\/v2\/types\/product"}],"wp:featuredmedia":[{"embeddable":true,"href":"https:\/\/www.ernstbrunn-apotheke.at\/katalog\/wp-json\/wp\/v2\/media\/100564"}],"wp:attachment":[{"href":"https:\/\/www.ernstbrunn-apotheke.at\/katalog\/wp-json\/wp\/v2\/media?parent=100562"}],"wp:term":[{"taxonomy":"product_brand","embeddable":true,"href":"https:\/\/www.ernstbrunn-apotheke.at\/katalog\/wp-json\/wp\/v2\/product_brand?post=100562"},{"taxonomy":"product_cat","embeddable":true,"href":"https:\/\/www.ernstbrunn-apotheke.at\/katalog\/wp-json\/wp\/v2\/product_cat?post=100562"},{"taxonomy":"product_tag","embeddable":true,"href":"https:\/\/www.ernstbrunn-apotheke.at\/katalog\/wp-json\/wp\/v2\/product_tag?post=100562"}],"curies":[{"name":"wp","href":"https:\/\/api.w.org\/{rel}","templated":true}]}}