{"id":100549,"date":"2025-11-12T12:37:55","date_gmt":"2025-11-12T11:37:55","guid":{"rendered":"https:\/\/www.ernstbrunn-apotheke.at\/katalog\/produkt\/nicapur-taeglich-vegan-kapseln-60-stk\/"},"modified":"2025-12-08T21:13:12","modified_gmt":"2025-12-08T20:13:12","slug":"nicapur-taeglich-vegan-kapseln-60-stk","status":"publish","type":"product","link":"https:\/\/www.ernstbrunn-apotheke.at\/katalog\/produkt\/nicapur-taeglich-vegan-kapseln-60-stk\/","title":{"rendered":"Nicapur T\u00e4glich Vegan Kapseln 60 Stk."},"content":{"rendered":"<p>T\u00e4glich Vegan ist ein Nahrungserg\u00e4nzungsmittel mit 4 ausgew\u00e4hlten Mirkon\u00e4hrstoffen zur Unterst\u00fctzung bei veganer und vegetarischer Ern\u00e4hrung.<\/p>\n","protected":false},"excerpt":{"rendered":"<p>T\u00e4glich Vegan ist ein Nahrungserg\u00e4nzungsmittel mit 4 ausgew\u00e4hlten Mirkon\u00e4hrstoffen zur Unterst\u00fctzung bei veganer und vegetarischer Ern\u00e4hrung.<\/p>\n","protected":false},"featured_media":100551,"template":"","meta":{"_acf_changed":false},"product_brand":[352],"product_cat":[797],"product_tag":[],"class_list":{"0":"post-100549","1":"product","2":"type-product","3":"status-publish","4":"has-post-thumbnail","6":"product_brand-nicapur","7":"product_cat-n","8":"pa_packungsgroesse-60-stueck","10":"first","11":"instock","12":"shipping-taxable","13":"purchasable","14":"product-type-simple"},"acf":[],"_links":{"self":[{"href":"https:\/\/www.ernstbrunn-apotheke.at\/katalog\/wp-json\/wp\/v2\/product\/100549","targetHints":{"allow":["GET"]}}],"collection":[{"href":"https:\/\/www.ernstbrunn-apotheke.at\/katalog\/wp-json\/wp\/v2\/product"}],"about":[{"href":"https:\/\/www.ernstbrunn-apotheke.at\/katalog\/wp-json\/wp\/v2\/types\/product"}],"wp:featuredmedia":[{"embeddable":true,"href":"https:\/\/www.ernstbrunn-apotheke.at\/katalog\/wp-json\/wp\/v2\/media\/100551"}],"wp:attachment":[{"href":"https:\/\/www.ernstbrunn-apotheke.at\/katalog\/wp-json\/wp\/v2\/media?parent=100549"}],"wp:term":[{"taxonomy":"product_brand","embeddable":true,"href":"https:\/\/www.ernstbrunn-apotheke.at\/katalog\/wp-json\/wp\/v2\/product_brand?post=100549"},{"taxonomy":"product_cat","embeddable":true,"href":"https:\/\/www.ernstbrunn-apotheke.at\/katalog\/wp-json\/wp\/v2\/product_cat?post=100549"},{"taxonomy":"product_tag","embeddable":true,"href":"https:\/\/www.ernstbrunn-apotheke.at\/katalog\/wp-json\/wp\/v2\/product_tag?post=100549"}],"curies":[{"name":"wp","href":"https:\/\/api.w.org\/{rel}","templated":true}]}}