{"id":100515,"date":"2025-11-12T12:37:08","date_gmt":"2025-11-12T11:37:08","guid":{"rendered":"https:\/\/www.ernstbrunn-apotheke.at\/katalog\/produkt\/dr-hauschka-haaroel-75-ml\/"},"modified":"2025-12-08T21:12:53","modified_gmt":"2025-12-08T20:12:53","slug":"dr-hauschka-haaroel-75-ml","status":"publish","type":"product","link":"https:\/\/www.ernstbrunn-apotheke.at\/katalog\/produkt\/dr-hauschka-haaroel-75-ml\/","title":{"rendered":"Dr. Hauschka Haar\u00f6l 75 ml"},"content":{"rendered":"<p>Das Haar\u00f6l bringt neue Vitalit\u00e4t und Geschmeidigkeit ins Haar. F\u00fcr trockenes, strapaziertes, gesplisstes und glanzloses Haar bietet es eine intensive und aufbauende Pflege. Besonders geeignet ist es auch bei irritierter Kopfhaut und f\u00fcr dauergewelltes, coloriertes und durch Hairstyling oder Sonne beanspruchtes Haar. Die Komposition mit Neem, Kamille, Weizenkeim\u00f6l und Rosmarin kr\u00e4ftigt das Haar und beruhigt die Kopfhaut. Mit den vitalisierenden Kr\u00e4ften wertvoller Heilpflanzenausz\u00fcge schenkt es dem Haar neuen Schwung. Vor Gebrauch sch\u00fctteln.<\/p>\n","protected":false},"excerpt":{"rendered":"<p>Das Haar\u00f6l bringt neue Vitalit\u00e4t und Geschmeidigkeit ins Haar. F\u00fcr trockenes, strapaziertes, gesplisstes und glanzloses Haar bietet es eine intensive und aufbauende Pflege. Besonders geeignet ist es auch bei irritierter Kopfhaut und f\u00fcr dauergewelltes, coloriertes und durch Hairstyling oder Sonne beanspruchtes Haar. Die Komposition mit Neem, Kamille, Weizenkeim\u00f6l und Rosmarin kr\u00e4ftigt das Haar und beruhigt [&hellip;]<\/p>\n","protected":false},"featured_media":100517,"template":"","meta":{"_acf_changed":false},"product_brand":[679],"product_cat":[792],"product_tag":[],"class_list":{"0":"post-100515","1":"product","2":"type-product","3":"status-publish","4":"has-post-thumbnail","6":"product_brand-dr-hauschka","7":"product_cat-d","8":"pa_packungsgroesse-75ml","10":"first","11":"instock","12":"shipping-taxable","13":"purchasable","14":"product-type-simple"},"acf":[],"_links":{"self":[{"href":"https:\/\/www.ernstbrunn-apotheke.at\/katalog\/wp-json\/wp\/v2\/product\/100515","targetHints":{"allow":["GET"]}}],"collection":[{"href":"https:\/\/www.ernstbrunn-apotheke.at\/katalog\/wp-json\/wp\/v2\/product"}],"about":[{"href":"https:\/\/www.ernstbrunn-apotheke.at\/katalog\/wp-json\/wp\/v2\/types\/product"}],"wp:featuredmedia":[{"embeddable":true,"href":"https:\/\/www.ernstbrunn-apotheke.at\/katalog\/wp-json\/wp\/v2\/media\/100517"}],"wp:attachment":[{"href":"https:\/\/www.ernstbrunn-apotheke.at\/katalog\/wp-json\/wp\/v2\/media?parent=100515"}],"wp:term":[{"taxonomy":"product_brand","embeddable":true,"href":"https:\/\/www.ernstbrunn-apotheke.at\/katalog\/wp-json\/wp\/v2\/product_brand?post=100515"},{"taxonomy":"product_cat","embeddable":true,"href":"https:\/\/www.ernstbrunn-apotheke.at\/katalog\/wp-json\/wp\/v2\/product_cat?post=100515"},{"taxonomy":"product_tag","embeddable":true,"href":"https:\/\/www.ernstbrunn-apotheke.at\/katalog\/wp-json\/wp\/v2\/product_tag?post=100515"}],"curies":[{"name":"wp","href":"https:\/\/api.w.org\/{rel}","templated":true}]}}